{"id":1472,"date":"2024-06-20T16:27:15","date_gmt":"2024-06-20T16:27:15","guid":{"rendered":"https:\/\/www.feqsa.com.co\/site\/?page_id=1472"},"modified":"2024-06-20T19:46:14","modified_gmt":"2024-06-20T19:46:14","slug":"ley-de-proteccion-de-datos-personales","status":"publish","type":"page","link":"https:\/\/www.feqsa.com.co\/site\/ley-de-proteccion-de-datos-personales\/","title":{"rendered":"Ley de Protecci\u00f3n de Datos Personales"},"content":{"rendered":"    <!--[section]-->\n\t\t<style>\n.bd-section-276695916{background-color:#f5f5f5;padding:2em;}\n@media (max-width: 767px) {.bd-section-276695916{padding-right:1em;padding-left:1em;}}\n.bd-section-276695916{\n\tline-height:  30.6px;\n\tcolor:  #ffffff;\n\tfont-size:  18px;\n\tfont-weight:  400;\n}\n.bd-section-276695916 h2{\n\tline-height:  30px;\n\tfont-size:  20px;\n\tfont-weight:  500;\n\tcolor:  #f5f5f5;\n}\n.bd-section-276695916 h1{\n\tline-height:  36px;\n\tfont-size:  30px;\n\tfont-weight:  600;\n\tcolor:  #ffffff;\n}\n\n@media (max-width: 767px) {.bd-section-276695916{\n\tline-height:  22.85714286px;\n\tfont-size:  16px;\n}\n}<\/style>\t\t<section id=section5 class=\" bd-section-276695916  bd-tagstyles\" data-section-title=\"Two Columns Left Offset\">\n\t\t\t<div class=\"bd-container-inner bd-margins clearfix\">\n\t\t\t\t<!--{content}-->\n\t\t\t\t\t    <!--[columns]-->\n        <style>\n.bd-layoutcontainer-867861439 > .bd-container-inner > .container-fluid > .row{height:100%;margin:0px;}\n.bd-layoutcontainer-867861439 > .bd-container-inner > .container-fluid > .row > div{padding:0px;}\n.bd-layoutcontainer-867861439  > .bd-container-inner > .container-fluid:after{display:none;}<\/style><style>\n.bd-layoutcontainer-867861439 > .bd-container-inner > .container-fluid, .bd-layoutcontainer-867861439 > .bd-container-inner > .container-fluid > .row{height:100%;}<\/style><style>.bd-layoutcontainer-867861439 > .bd-container-inner > .container-fluid {padding-left: 0; padding-right: 0;margin-left: 0!important; margin-right: 0!important;}<\/style>        <style>\n.bd-layoutcolumn-584589809{margin-top:2em;background-color:#002950;min-height:250px;margin-bottom:2em;margin-right:-2em;position:relative;z-index:1;background-image:url(https:\/\/www.feqsa.com.co\/site\/wp-content\/uploads\/2023\/09\/02fdf1bcf30171000b382cb86ad9406d_DSC01673.jpg);background-repeat:no-repeat;background-attachment:scroll;background-position:center center;background-size:cover;-webkit-box-shadow:0px 0px 7px 0 rgba(0, 0, 0, 0.33);-o-box-shadow:0px 0px 7px 0 rgba(0, 0, 0, 0.33);-ms-box-shadow:0px 0px 7px 0 rgba(0, 0, 0, 0.33);-moz-box-shadow:0px 0px 7px 0 rgba(0, 0, 0, 0.33);box-shadow:0px 0px 7px 0 rgba(0, 0, 0, 0.33);padding:0px;border-radius:20px;}\n@media (max-width: 767px) {.bd-layoutcolumn-584589809{min-height:200px;margin:0em 2% -2em;padding:5%;}}\n\n.bd-layoutcolumn-1210861815{position:relative;background-attachment:scroll;background-size:cover;margin-left:-2em;background-color:#025094;padding:10% 10% 10% 20%;border-radius:20px;}\n@media (max-width: 767px) {.bd-layoutcolumn-1210861815{padding-right:10%;padding-top:20%;padding-left:10%;margin-right:-1em;margin-left:-1em;}}\n.bd-layoutcolumn-1210861815{\n\ttext-align:  right;\n}\n<\/style>        <div class=\" bd-layoutcontainer-867861439  bd-columns bd-no-margins\">\n            <div class=\"bd-container-inner\">\n                <div class=\"container-fluid\">\n                    <div class=\"row bd-row-flex bd-row-align-middle\">\n                        <!--{content}-->\n                                <!--[column]-->\n        <div class=\"col-lg-4 col-sm-4 bd-columnwrapper-584589809\">\n            <div class=\"bd-column  bd-layoutcolumn-584589809  bd-no-margins\">\n                <div class=\"bd-vertical-align-wrapper\">\n                    <!--{content}-->\n                                            <!--{\/content}-->\n                <\/div>\n            <\/div>\n        <\/div>\n    <!--[\/column]-->\n\n\n    <!--[column]-->\n        <div class=\"col-lg-8 col-sm-8 bd-columnwrapper-1210861815\">\n            <div class=\"bd-column  bd-layoutcolumn-1210861815  bd-no-margins\">\n                <div class=\"bd-vertical-align-wrapper\">\n                    <!--{content}-->\n                            <!--[text]-->\n        <style>\n.additional-class-446386319{margin-top:0px;}<\/style>        <h1 class=\" additional-class-446386319  bd-content-element\">\n            <!--{content}-->\n                <strong>CL\u00c1USULA DE AUTORIZACI\u00d3N PAGINA WEB<\/strong>            <!--{\/content}-->\n        <\/h1>\n    <!--[\/text]-->\n\n\n\n    <!--[separator]-->\n    <style>\n.bd-separator-890320398{padding-top:1em;padding-bottom:1em;}<\/style>        <style>\n.bd-separator-890320398 .bd-separator-inner:before, .bd-separator-890320398 .bd-separator-inner:after{border-top:3px solid #ffffff;}<\/style>    <style>\n.bd-separator-890320398 .bd-separator-inner{width:70px;}<\/style>\n    <div class=\" bd-separator-890320398  bd-separator-right bd-separator-content-center clearfix\">\n        <div class=\"bd-container-inner\">\n            <div class=\"bd-separator-inner\">\n                                <!--{content}--><!--{\/content}-->\n            <\/div>\n        <\/div>\n    <\/div>\n    <!--[\/separator]-->\n\n    \n\n    <!--[text]-->\n        <style>\n.additional-class-1195892403{\n\ttext-align:  justify;\n}\n<\/style>        <p class=\" additional-class-1195892403  bd-content-element\">\n            <!--{content}-->\n                De conformidad con lo previsto en la Ley Estatutaria 1581 de 2012,\u201cPor la cual se dictan disposiciones generales para la protecci\u00f3n de datos personales\u201d, y con el Decreto 1377 de 2013, \u201cPor el cual se reglamenta parcialmente la Ley 1581 de 2012\u201d y modificatorias, se informa al usuario que los datos consignados en el presente formulario ser\u00e1n incorporados en una base de datos responsabilidad de FEQSA, siendo tratados con la finalidad del objeto social de FEQSA y las actividades derivadas de ello.\n\nUsted puede ejercitar los derechos de acceso, correcci\u00f3n, supresi\u00f3n, revocaci\u00f3n o reclamo por infracci\u00f3n sobre sus datos, mediante escrito dirigido a FEQSA a la direcci\u00f3n de correo electr\u00f3nico FEQSA@QUALA.COM.CO, indicando en el asunto, el derecho que desea ejercitar; o mediante correo postal remitido a la direcci\u00f3n CARRERA 68 D 39 F 51 SUR de la ciudad de BOGOTA D.C.\n\nEl usuario declara haber le\u00eddo la cl\u00e1usula anterior y estar conforme con la misma.            <!--{\/content}-->\n        <\/p>\n    <!--[\/text]-->\n                    <!--{\/content}-->\n                <\/div>\n            <\/div>\n        <\/div>\n    <!--[\/column]-->\n                        <!--{\/content}-->\n                    <\/div>\n                <\/div>\n            <\/div>\n        <\/div>\n    <!--[\/columns]-->\n\t\t\t\t<!--{\/content}-->\n\t\t\t<\/div>\n\t\t<\/section>\n\t<!--[\/section]-->\n\n    <!--[section]-->\n\t\t<style>\n.bd-section-884123575{background-color:#f5f5f5;padding:2em;}\n@media (max-width: 767px) {.bd-section-884123575{padding:0em 1em;}}\n.bd-section-884123575{\n\tline-height:  30.6px;\n\tcolor:  #ffffff;\n\tfont-size:  18px;\n\tfont-weight:  400;\n}\n.bd-section-884123575 h2{\n\tline-height:  30px;\n\tfont-size:  20px;\n\tfont-weight:  500;\n\tcolor:  #f5f5f5;\n}\n.bd-section-884123575 h1{\n\tline-height:  36px;\n\tfont-size:  30px;\n\tfont-weight:  600;\n\tcolor:  #ffffff;\n}\n\n@media (max-width: 767px) {.bd-section-884123575{\n\tline-height:  22.85714286px;\n\tfont-size:  16px;\n}\n}<\/style>\t\t<section id=section5 class=\" bd-section-884123575  bd-tagstyles\" data-section-title=\"Two Columns Left Offset\">\n\t\t\t<div class=\"bd-container-inner bd-margins clearfix\">\n\t\t\t\t<!--{content}-->\n\t\t\t\t\t    <!--[columns]-->\n        <style>\n.bd-layoutcontainer-244465518 > .bd-container-inner > .container-fluid > .row{height:100%;margin:0px;}\n.bd-layoutcontainer-244465518 > .bd-container-inner > .container-fluid > .row > div{padding:0px;}\n.bd-layoutcontainer-244465518  > .bd-container-inner > .container-fluid:after{display:none;}<\/style><style>\n.bd-layoutcontainer-244465518 > .bd-container-inner > .container-fluid, .bd-layoutcontainer-244465518 > .bd-container-inner > .container-fluid > .row{height:100%;}<\/style><style>.bd-layoutcontainer-244465518 > .bd-container-inner > .container-fluid {padding-left: 0; padding-right: 0;margin-left: 0!important; margin-right: 0!important;}<\/style>        <style>\n.bd-layoutcolumn-1564788866{position:relative;background-attachment:scroll;background-size:cover;margin-left:-2em;background-color:#025094;padding:10% 10% 10% 20%;border-radius:20px;}\n@media (max-width: 767px) {.bd-layoutcolumn-1564788866{padding-right:10%;padding-top:20%;padding-left:10%;margin-right:-1em;margin-left:-1em;}}\n.bd-layoutcolumn-1564788866{\n\ttext-align:  right;\n}\n.bd-layoutcolumn-1564788866 h1 a{\n\ttext-align:  center;\n}\n<\/style>        <div class=\" bd-layoutcontainer-244465518  bd-columns bd-no-margins\">\n            <div class=\"bd-container-inner\">\n                <div class=\"container-fluid\">\n                    <div class=\"row bd-row-flex bd-row-align-middle\">\n                        <!--{content}-->\n                                <!--[column]-->\n        <div class=\"col-sm-8 bd-columnwrapper-1564788866\">\n            <div class=\"bd-column  bd-layoutcolumn-1564788866  bd-no-margins\">\n                <div class=\"bd-vertical-align-wrapper\">\n                    <!--{content}-->\n                            <!--[text]-->\n        <style>\n.additional-class-774307826{background-color:#025094;display:block;position:absolute;top:32.000%;left:7.951%;right:auto;bottom:auto;}\nh1.additional-class-774307826{\n\tcolor:  #f0ad4e;\n\ttext-align:  justify;\n}\n<\/style>        <h1 class=\" additional-class-774307826  bd-content-element\">\n            <!--{content}-->\n                <a href=\"https:\/\/www.feqsa.com.co\/site\/wp-content\/uploads\/2024\/06\/PDP-001-AMN202_v0_-Manual-politicas-web-FEQSA-002.pdf\" target=\"_blank\" rel=\"noopener\">Haz clic para ver Manual pol\u00edticas web FEQSA <\/a>            <!--{\/content}-->\n        <\/h1>\n    <!--[\/text]-->\n                    <!--{\/content}-->\n                <\/div>\n            <\/div>\n        <\/div>\n    <!--[\/column]-->\n                        <!--{\/content}-->\n                    <\/div>\n                <\/div>\n            <\/div>\n        <\/div>\n    <!--[\/columns]-->\n\t\t\t\t<!--{\/content}-->\n\t\t\t<\/div>\n\t\t<\/section>\n\t<!--[\/section]-->\n\n","protected":false},"excerpt":{"rendered":"","protected":false},"author":1,"featured_media":0,"parent":0,"menu_order":0,"comment_status":"closed","ping_status":"closed","template":"","meta":{"footnotes":""},"class_list":["post-1472","page","type-page","status-publish","hentry"],"yoast_head":"<!-- This site is optimized with the Yoast SEO plugin v26.7 - https:\/\/yoast.com\/wordpress\/plugins\/seo\/ -->\n<title>Ley de Protecci\u00f3n de Datos Personales - Feqsa<\/title>\n<meta name=\"robots\" content=\"index, follow, max-snippet:-1, max-image-preview:large, max-video-preview:-1\" \/>\n<link rel=\"canonical\" href=\"https:\/\/www.feqsa.com.co\/site\/ley-de-proteccion-de-datos-personales\/\" \/>\n<meta property=\"og:locale\" content=\"es_ES\" \/>\n<meta property=\"og:type\" content=\"article\" \/>\n<meta property=\"og:title\" content=\"Ley de Protecci\u00f3n de Datos Personales - Feqsa\" \/>\n<meta property=\"og:url\" content=\"https:\/\/www.feqsa.com.co\/site\/ley-de-proteccion-de-datos-personales\/\" \/>\n<meta property=\"og:site_name\" content=\"Feqsa\" \/>\n<meta property=\"article:modified_time\" content=\"2024-06-20T19:46:14+00:00\" \/>\n<meta name=\"twitter:card\" content=\"summary_large_image\" \/>\n<meta name=\"twitter:label1\" content=\"Tiempo de lectura\" \/>\n\t<meta name=\"twitter:data1\" content=\"2 minutos\" \/>\n<script type=\"application\/ld+json\" class=\"yoast-schema-graph\">{\"@context\":\"https:\/\/schema.org\",\"@graph\":[{\"@type\":\"WebPage\",\"@id\":\"https:\/\/www.feqsa.com.co\/site\/ley-de-proteccion-de-datos-personales\/\",\"url\":\"https:\/\/www.feqsa.com.co\/site\/ley-de-proteccion-de-datos-personales\/\",\"name\":\"Ley de Protecci\u00f3n de Datos Personales - Feqsa\",\"isPartOf\":{\"@id\":\"https:\/\/www.feqsa.com.co\/site\/#website\"},\"datePublished\":\"2024-06-20T16:27:15+00:00\",\"dateModified\":\"2024-06-20T19:46:14+00:00\",\"breadcrumb\":{\"@id\":\"https:\/\/www.feqsa.com.co\/site\/ley-de-proteccion-de-datos-personales\/#breadcrumb\"},\"inLanguage\":\"es\",\"potentialAction\":[{\"@type\":\"ReadAction\",\"target\":[\"https:\/\/www.feqsa.com.co\/site\/ley-de-proteccion-de-datos-personales\/\"]}]},{\"@type\":\"BreadcrumbList\",\"@id\":\"https:\/\/www.feqsa.com.co\/site\/ley-de-proteccion-de-datos-personales\/#breadcrumb\",\"itemListElement\":[{\"@type\":\"ListItem\",\"position\":1,\"name\":\"Portada\",\"item\":\"https:\/\/www.feqsa.com.co\/site\/\"},{\"@type\":\"ListItem\",\"position\":2,\"name\":\"Ley de Protecci\u00f3n de Datos Personales\"}]},{\"@type\":\"WebSite\",\"@id\":\"https:\/\/www.feqsa.com.co\/site\/#website\",\"url\":\"https:\/\/www.feqsa.com.co\/site\/\",\"name\":\"Feqsa\",\"description\":\"Fondo de Empleados Quala\",\"publisher\":{\"@id\":\"https:\/\/www.feqsa.com.co\/site\/#organization\"},\"potentialAction\":[{\"@type\":\"SearchAction\",\"target\":{\"@type\":\"EntryPoint\",\"urlTemplate\":\"https:\/\/www.feqsa.com.co\/site\/?s={search_term_string}\"},\"query-input\":{\"@type\":\"PropertyValueSpecification\",\"valueRequired\":true,\"valueName\":\"search_term_string\"}}],\"inLanguage\":\"es\"},{\"@type\":\"Organization\",\"@id\":\"https:\/\/www.feqsa.com.co\/site\/#organization\",\"name\":\"FEQSA - Fondo de Empleados de Quala\",\"url\":\"https:\/\/www.feqsa.com.co\/site\/\",\"logo\":{\"@type\":\"ImageObject\",\"inLanguage\":\"es\",\"@id\":\"https:\/\/www.feqsa.com.co\/site\/#\/schema\/logo\/image\/\",\"url\":\"https:\/\/www.feqsa.com.co\/site\/wp-content\/uploads\/2022\/07\/FEQSA.png\",\"contentUrl\":\"https:\/\/www.feqsa.com.co\/site\/wp-content\/uploads\/2022\/07\/FEQSA.png\",\"width\":436,\"height\":150,\"caption\":\"FEQSA - Fondo de Empleados de Quala\"},\"image\":{\"@id\":\"https:\/\/www.feqsa.com.co\/site\/#\/schema\/logo\/image\/\"}}]}<\/script>\n<!-- \/ Yoast SEO plugin. -->","yoast_head_json":{"title":"Ley de Protecci\u00f3n de Datos Personales - Feqsa","robots":{"index":"index","follow":"follow","max-snippet":"max-snippet:-1","max-image-preview":"max-image-preview:large","max-video-preview":"max-video-preview:-1"},"canonical":"https:\/\/www.feqsa.com.co\/site\/ley-de-proteccion-de-datos-personales\/","og_locale":"es_ES","og_type":"article","og_title":"Ley de Protecci\u00f3n de Datos Personales - Feqsa","og_url":"https:\/\/www.feqsa.com.co\/site\/ley-de-proteccion-de-datos-personales\/","og_site_name":"Feqsa","article_modified_time":"2024-06-20T19:46:14+00:00","twitter_card":"summary_large_image","twitter_misc":{"Tiempo de lectura":"2 minutos"},"schema":{"@context":"https:\/\/schema.org","@graph":[{"@type":"WebPage","@id":"https:\/\/www.feqsa.com.co\/site\/ley-de-proteccion-de-datos-personales\/","url":"https:\/\/www.feqsa.com.co\/site\/ley-de-proteccion-de-datos-personales\/","name":"Ley de Protecci\u00f3n de Datos Personales - Feqsa","isPartOf":{"@id":"https:\/\/www.feqsa.com.co\/site\/#website"},"datePublished":"2024-06-20T16:27:15+00:00","dateModified":"2024-06-20T19:46:14+00:00","breadcrumb":{"@id":"https:\/\/www.feqsa.com.co\/site\/ley-de-proteccion-de-datos-personales\/#breadcrumb"},"inLanguage":"es","potentialAction":[{"@type":"ReadAction","target":["https:\/\/www.feqsa.com.co\/site\/ley-de-proteccion-de-datos-personales\/"]}]},{"@type":"BreadcrumbList","@id":"https:\/\/www.feqsa.com.co\/site\/ley-de-proteccion-de-datos-personales\/#breadcrumb","itemListElement":[{"@type":"ListItem","position":1,"name":"Portada","item":"https:\/\/www.feqsa.com.co\/site\/"},{"@type":"ListItem","position":2,"name":"Ley de Protecci\u00f3n de Datos Personales"}]},{"@type":"WebSite","@id":"https:\/\/www.feqsa.com.co\/site\/#website","url":"https:\/\/www.feqsa.com.co\/site\/","name":"Feqsa","description":"Fondo de Empleados Quala","publisher":{"@id":"https:\/\/www.feqsa.com.co\/site\/#organization"},"potentialAction":[{"@type":"SearchAction","target":{"@type":"EntryPoint","urlTemplate":"https:\/\/www.feqsa.com.co\/site\/?s={search_term_string}"},"query-input":{"@type":"PropertyValueSpecification","valueRequired":true,"valueName":"search_term_string"}}],"inLanguage":"es"},{"@type":"Organization","@id":"https:\/\/www.feqsa.com.co\/site\/#organization","name":"FEQSA - Fondo de Empleados de Quala","url":"https:\/\/www.feqsa.com.co\/site\/","logo":{"@type":"ImageObject","inLanguage":"es","@id":"https:\/\/www.feqsa.com.co\/site\/#\/schema\/logo\/image\/","url":"https:\/\/www.feqsa.com.co\/site\/wp-content\/uploads\/2022\/07\/FEQSA.png","contentUrl":"https:\/\/www.feqsa.com.co\/site\/wp-content\/uploads\/2022\/07\/FEQSA.png","width":436,"height":150,"caption":"FEQSA - Fondo de Empleados de Quala"},"image":{"@id":"https:\/\/www.feqsa.com.co\/site\/#\/schema\/logo\/image\/"}}]}},"jetpack_sharing_enabled":true,"_links":{"self":[{"href":"https:\/\/www.feqsa.com.co\/site\/wp-json\/wp\/v2\/pages\/1472","targetHints":{"allow":["GET"]}}],"collection":[{"href":"https:\/\/www.feqsa.com.co\/site\/wp-json\/wp\/v2\/pages"}],"about":[{"href":"https:\/\/www.feqsa.com.co\/site\/wp-json\/wp\/v2\/types\/page"}],"author":[{"embeddable":true,"href":"https:\/\/www.feqsa.com.co\/site\/wp-json\/wp\/v2\/users\/1"}],"replies":[{"embeddable":true,"href":"https:\/\/www.feqsa.com.co\/site\/wp-json\/wp\/v2\/comments?post=1472"}],"version-history":[{"count":30,"href":"https:\/\/www.feqsa.com.co\/site\/wp-json\/wp\/v2\/pages\/1472\/revisions"}],"predecessor-version":[{"id":1516,"href":"https:\/\/www.feqsa.com.co\/site\/wp-json\/wp\/v2\/pages\/1472\/revisions\/1516"}],"wp:attachment":[{"href":"https:\/\/www.feqsa.com.co\/site\/wp-json\/wp\/v2\/media?parent=1472"}],"curies":[{"name":"wp","href":"https:\/\/api.w.org\/{rel}","templated":true}]}}