{"id":176,"date":"2019-11-07T15:33:19","date_gmt":"2019-11-07T15:33:19","guid":{"rendered":"https:\/\/www.feqsa.com.co\/site\/?page_id=176"},"modified":"2023-08-29T19:20:46","modified_gmt":"2023-08-29T19:20:46","slug":"calamidad-domestica","status":"publish","type":"page","link":"https:\/\/www.feqsa.com.co\/site\/calamidad-domestica\/","title":{"rendered":"Calamidad dom\u00e9stica"},"content":{"rendered":"<!--[overlay]--><style>\n.bd-textureoverlay-2041868654:before{background-color:#002950;opacity:0.75;}<\/style><!--{content}-->    <!--[section]-->\n\t\t<style>\n.bd-section-705001019{background-attachment:scroll;background-image:url(https:\/\/www.feqsa.com.co\/site\/wp-content\/uploads\/2019\/11\/2349433_bd_media_id_32adce91f302064e81d43bd09338bcbe.jpeg);background-repeat:no-repeat;padding-bottom:6em;padding-top:6em;background-size:cover;}\n@media (max-width: 991px) {.bd-section-705001019{padding-bottom:6em;padding-top:6em;}}\n.bd-section-705001019{\n\tline-height:  30.6px;\n\tcolor:  #ffffff;\n\tfont-size:  18px;\n\ttext-align:  center;\n\t-webkit-text-shadow:  2px 1px 0px rgba(2, 80, 148, 0.23);\n\t-o-text-shadow:  2px 1px 0px rgba(2, 80, 148, 0.23);\n\t-ms-text-shadow:  2px 1px 0px rgba(2, 80, 148, 0.23);\n\t-moz-text-shadow:  2px 1px 0px rgba(2, 80, 148, 0.23);\n\t-webkit-text-shadow:  2px 1px 0px rgba(2, 80, 148, 0.23);\n\t-o-text-shadow:  2px 1px 0px rgba(2, 80, 148, 0.23);\n\t-ms-text-shadow:  2px 1px 0px rgba(2, 80, 148, 0.23);\n\t-moz-text-shadow:  2px 1px 0px rgba(2, 80, 148, 0.23);\n\ttext-shadow:  2px 1px 0px rgba(2, 80, 148, 0.23);\n}\n.bd-section-705001019 h1{\n\tline-height:  60px;\n\tfont-size:  60px;\n\ttext-transform:  uppercase;\n\tcolor:  #ffffff;\n\tfont-weight:  800;\n}\n\n@media (max-width: 767px) {.bd-section-705001019 h1{\n\tline-height:  42.85714287px;\n\tfont-size:  30px;\n}\n}<\/style>\t\t<section id=section3 class=\" bd-section-705001019 bd-tagstyles bd-textureoverlay  bd-textureoverlay-2041868654 \" data-section-title=\"Full Page Text Center\">\n\t\t\t<div class=\"bd-container-inner bd-margins clearfix\">\n\t\t\t\t<!--{content}-->\n\t\t\t\t\t<!--[layoutbox]--><div class=\"clearfix  additional-class-1690427766  bd-no-margins\"><div class=\"bd-container-inner\"><!--{content}-->    <!--[text]-->\n        <style>\n@media (max-width: 767px) {.additional-class-513457289{margin-top:0px;margin-bottom:0px;}}\nh1.additional-class-513457289{\n\ttext-transform:  none;\n}\n<\/style>        <h1 class=\" additional-class-513457289  bd-content-element\">\n            <!--{content}-->\n                Calamidad dom\u00e9stica            <!--{\/content}-->\n        <\/h1>\n    <!--[\/text]-->\n<!--{\/content}--><\/div><\/div><!--[\/layoutbox]-->\t\t\t\t<!--{\/content}-->\n\t\t\t<\/div>\n\t\t<\/section>\n\t<!--[\/section]-->\n<!--{\/content}--><!--[\/overlay]-->\n    <!--[section]-->\n\t\t<style>\n.bd-section-2084996143{background-color:#f5f5f5;padding:2em;}\n@media (max-width: 767px) {.bd-section-2084996143{padding-right:1.5em;padding-left:1.5em;}}\n.bd-section-2084996143{\n\tline-height:  30.6px;\n\tcolor:  #333333;\n\tfont-size:  18px;\n\tfont-weight:  400;\n\ttext-align:  center;\n}\n.bd-section-2084996143 h2{\n\tline-height:  28.8px;\n\tcolor:  #025094;\n\tfont-size:  24px;\n\tfont-weight:  bold;\n\tletter-spacing:  1px;\n}\n.bd-section-2084996143 h1{\n\tline-height:  57.6px;\n\tfont-size:  48px;\n\tfont-weight:  300;\n\tcolor:  #025094;\n}\n\n@media (max-width: 991px) {.bd-section-2084996143 h1{\n\tline-height:  38.4px;\n\tfont-size:  32px;\n}\n}\n@media (max-width: 767px) {.bd-section-2084996143{\n\tline-height:  22.85714286px;\n\tfont-size:  16px;\n}\n}<\/style>\t\t<section id=section4 class=\" bd-section-2084996143  bd-tagstyles\" data-section-title=\"Three Columns With Header\">\n\t\t\t<div class=\"bd-container-inner bd-margins clearfix\">\n\t\t\t\t<!--{content}-->\n\t\t\t\t\t    <!--[columns]-->\n        <style>\n.bd-layoutcontainer-1776290384 > .bd-container-inner > .container-fluid > .row{height:calc(120%);margin:-10px;}\n.bd-layoutcontainer-1776290384 > .bd-container-inner > .container-fluid > .row > div{padding:10px;}\n.bd-layoutcontainer-1776290384  > .bd-container-inner > .container-fluid:after{display:none;}<\/style><style>\n.bd-layoutcontainer-1776290384 > .bd-container-inner > .container-fluid, .bd-layoutcontainer-1776290384 > .bd-container-inner > .container-fluid > .row{height:100%;}<\/style><style>.bd-layoutcontainer-1776290384 > .bd-container-inner > .container-fluid {padding-left: 0; padding-right: 0;}<\/style>        <style>\n.bd-layoutcolumn-1220108274{background-color:#ffffff;-webkit-box-shadow:0px 0px 6px 0px rgba(51, 51, 51, 0.25);-o-box-shadow:0px 0px 6px 0px rgba(51, 51, 51, 0.25);-ms-box-shadow:0px 0px 6px 0px rgba(51, 51, 51, 0.25);-moz-box-shadow:0px 0px 6px 0px rgba(51, 51, 51, 0.25);box-shadow:0px 0px 6px 0px rgba(51, 51, 51, 0.25);padding:2em;border-radius:10px;}\n@media (max-width: 991px) {.bd-layoutcolumn-1220108274{padding-right:10px;padding-left:10px;}}\n@media (max-width: 767px) {.bd-layoutcolumn-1220108274{border-bottom:1px solid #ffffff;}}\n\n.bd-layoutcolumn-1333448385{background-color:#ffffff;-webkit-box-shadow:0px 0px 6px 0px rgba(51, 51, 51, 0.25);-o-box-shadow:0px 0px 6px 0px rgba(51, 51, 51, 0.25);-ms-box-shadow:0px 0px 6px 0px rgba(51, 51, 51, 0.25);-moz-box-shadow:0px 0px 6px 0px rgba(51, 51, 51, 0.25);box-shadow:0px 0px 6px 0px rgba(51, 51, 51, 0.25);padding:2em;border-radius:10px;}\n@media (max-width: 991px) {.bd-layoutcolumn-1333448385{padding-right:10px;padding-left:10px;}}\n@media (max-width: 767px) {.bd-layoutcolumn-1333448385{border-bottom:1px solid #ffffff;}}\n\n.bd-layoutcolumn-1341988188{background-color:#ffffff;-webkit-box-shadow:0px 0px 6px 0px rgba(51, 51, 51, 0.25);-o-box-shadow:0px 0px 6px 0px rgba(51, 51, 51, 0.25);-ms-box-shadow:0px 0px 6px 0px rgba(51, 51, 51, 0.25);-moz-box-shadow:0px 0px 6px 0px rgba(51, 51, 51, 0.25);box-shadow:0px 0px 6px 0px rgba(51, 51, 51, 0.25);padding:2em;border-radius:10px;}\n@media (max-width: 991px) {.bd-layoutcolumn-1341988188{padding-left:10px;padding-right:10px;}}\n@media (max-width: 767px) {.bd-layoutcolumn-1341988188{border-bottom:1px solid #ffffff;}}<\/style>        <div class=\" bd-layoutcontainer-1776290384  bd-columns bd-no-margins\">\n            <div class=\"bd-container-inner\">\n                <div class=\"container-fluid\">\n                    <div class=\"row bd-row-flex bd-row-align-top\">\n                        <!--{content}-->\n                                <!--[column]-->\n        <div class=\"col-xs-12 bd-columnwrapper-1256601300\">\n            <div class=\"bd-column  bd-layoutcolumn-1256601300 \">\n                <div class=\"bd-vertical-align-wrapper\">\n                    <!--{content}-->\n                            <!--[text]-->\n                <p class=\" additional-class-333461589  bd-content-element\">\n            <!--{content}-->\n                Pr\u00e9stamo social sin intereses destinado a cubrir gastos imprevistos y\/o hecho fortuito por da\u00f1o o perdida de bienes indispensables, por enfermedad, accidentes, atenci\u00f3n medica y odontol\u00f3gica ,tratamientos de hospitalizaci\u00f3n, medicamentos u otros <strong>que no cubran las EPS, planes de medicina prepagada o planes complementarios,<\/strong> muerte, Incendio o terrorismo, que a solicitud del asociado y mediante estudio, verificaci\u00f3n y comprobaci\u00f3n previa sea probado por la Junta Directiva.            <!--{\/content}-->\n        <\/p>\n    <!--[\/text]-->\n                    <!--{\/content}-->\n                <\/div>\n            <\/div>\n        <\/div>\n    <!--[\/column]-->\n\n\n    <!--[column]-->\n        <div class=\"col-sm-4 bd-columnwrapper-1220108274\">\n            <div class=\"bd-column  bd-layoutcolumn-1220108274 \">\n                <div class=\"bd-vertical-align-wrapper\">\n                    <!--{content}-->\n                            <!--[text]-->\n        <style>\n.additional-class-681638728{margin-top:0px;}<\/style>        <h2 class=\" additional-class-681638728  bd-content-element\">\n            <!--{content}-->\n                Antig\u00fcedad            <!--{\/content}-->\n        <\/h2>\n    <!--[\/text]-->\n\n\n\n    <!--[spacer]-->\n    <style>\n.bd-spacer-1107684039{height:1em;}<\/style>    <div class=\" bd-spacer-1107684039  clearfix\">\n        <!--{content}--><!--{\/content}-->\n    <\/div>\n    <!--[\/spacer]-->\n\n    \n\n    <!--[text]-->\n        <style>\n.additional-class-334849707{margin-top:10px;margin-bottom:1px;}\n.additional-class-334849707{\n\tfont-style:  normal;\n}\n<\/style>        <p class=\" additional-class-334849707  bd-content-element\">\n            <!--{content}-->\n                Este se puede solicitar una vez el asociado se afilie siempre y cuando la situacion lo justifique            <!--{\/content}-->\n        <\/p>\n    <!--[\/text]-->\n                    <!--{\/content}-->\n                <\/div>\n            <\/div>\n        <\/div>\n    <!--[\/column]-->\n\n\n    <!--[column]-->\n        <div class=\"col-sm-4 bd-columnwrapper-1333448385\">\n            <div class=\"bd-column  bd-layoutcolumn-1333448385 \">\n                <div class=\"bd-vertical-align-wrapper\">\n                    <!--{content}-->\n                            <!--[text]-->\n        <style>\n.additional-class-202255485{margin-top:0px;}<\/style>        <h2 class=\" additional-class-202255485  bd-content-element\">\n            <!--{content}-->\n                Monto            <!--{\/content}-->\n        <\/h2>\n    <!--[\/text]-->\n\n\n\n    <!--[spacer]-->\n    <style>\n.bd-spacer-418734398{height:1em;}<\/style>    <div class=\" bd-spacer-418734398  clearfix\">\n        <!--{content}--><!--{\/content}-->\n    <\/div>\n    <!--[\/spacer]-->\n\n    \n\n    <!--[text]-->\n        <style>\n.additional-class-1111377006{margin-top:10px;margin-bottom:0px;}\n.additional-class-1111377006{\n\tfont-style:  normal;\n}\n<\/style>        <p class=\" additional-class-1111377006  bd-content-element\">\n            <!--{content}-->\n                Depende de la capacidad de endeudamiento y del tipo de calamidad            <!--{\/content}-->\n        <\/p>\n    <!--[\/text]-->\n                    <!--{\/content}-->\n                <\/div>\n            <\/div>\n        <\/div>\n    <!--[\/column]-->\n\n\n    <!--[column]-->\n        <div class=\"col-sm-4 bd-columnwrapper-1341988188\">\n            <div class=\"bd-column  bd-layoutcolumn-1341988188 \">\n                <div class=\"bd-vertical-align-wrapper\">\n                    <!--{content}-->\n                            <!--[text]-->\n        <style>\n.additional-class-1333611745{margin-top:0px;}<\/style>        <h2 class=\" additional-class-1333611745  bd-content-element\">\n            <!--{content}-->\n                Plazo m\u00e1ximo            <!--{\/content}-->\n        <\/h2>\n    <!--[\/text]-->\n\n\n\n    <!--[spacer]-->\n    <style>\n.bd-spacer-375945594{height:1em;}<\/style>    <div class=\" bd-spacer-375945594  clearfix\">\n        <!--{content}--><!--{\/content}-->\n    <\/div>\n    <!--[\/spacer]-->\n\n    \n\n    <!--[text]-->\n        <style>\n.additional-class-260173791{margin-top:10px;margin-bottom:0px;}\n.additional-class-260173791{\n\tfont-style:  normal;\n}\n<\/style>        <p class=\" additional-class-260173791  bd-content-element\">\n            <!--{content}-->\n                4 a\u00f1os sin Inter\u00e9ses            <!--{\/content}-->\n        <\/p>\n    <!--[\/text]-->\n                    <!--{\/content}-->\n                <\/div>\n            <\/div>\n        <\/div>\n    <!--[\/column]-->\n                        <!--{\/content}-->\n                    <\/div>\n                <\/div>\n            <\/div>\n        <\/div>\n    <!--[\/columns]-->\n\n\n    <!--[columns]-->\n        <style>\n.bd-layoutcontainer-739410420  > .bd-container-inner > .container-fluid:after{display:none;}<\/style><style>.bd-layoutcontainer-739410420 > .bd-container-inner > .container-fluid {padding-left: 0; padding-right: 0;}<\/style>        <style>\n.bd-layoutcolumn-1473359626{background-color:#ffffff;margin-top:20px;-webkit-box-shadow:0px 0px 6px 0px rgba(51, 51, 51, 0.25);-o-box-shadow:0px 0px 6px 0px rgba(51, 51, 51, 0.25);-ms-box-shadow:0px 0px 6px 0px rgba(51, 51, 51, 0.25);-moz-box-shadow:0px 0px 6px 0px rgba(51, 51, 51, 0.25);box-shadow:0px 0px 6px 0px rgba(51, 51, 51, 0.25);padding:2em;border-radius:10px;}\n@media (max-width: 991px) {.bd-layoutcolumn-1473359626{padding-right:10px;padding-left:10px;}}\n@media (max-width: 767px) {.bd-layoutcolumn-1473359626{border-bottom:1px solid #ffffff;}}<\/style>        <div class=\" bd-layoutcontainer-739410420  bd-columns bd-no-margins\">\n            <div class=\"bd-container-inner\">\n                <div class=\"container-fluid\">\n                    <div class=\"row\">\n                        <!--{content}-->\n                                <!--[column]-->\n        <div class=\"col-sm-12 bd-columnwrapper-1473359626\">\n            <div class=\"bd-column  bd-layoutcolumn-1473359626 \">\n                <div class=\"bd-vertical-align-wrapper\">\n                    <!--{content}-->\n                            <!--[text]-->\n                <h2 class=\" additional-class-1591113661  bd-content-element\">\n            <!--{content}-->\n                Documentos requeridos            <!--{\/content}-->\n        <\/h2>\n    <!--[\/text]-->\n\n\n\n    <!--[spacer]-->\n    <style>\n.bd-spacer-341016786{height:1em;}<\/style>    <div class=\" bd-spacer-341016786  clearfix\">\n        <!--{content}--><!--{\/content}-->\n    <\/div>\n    <!--[\/spacer]-->\n\n    \n\n<!--[html]--><style><\/style><div class=\"bd-tagstyles  additional-class-1950484780 bd-custom-bulletlist bd-bulletlist-8-mixin bd-custom-orderedlist bd-orderedlist-2-mixin\"><div class=\"bd-container-inner bd-content-element\"><!--{content}--><ul>\n \t<li>Se requieren facturas enoriginal de las cuentas canceladas por el Asociado por las causas descritas en el aparte de finalidad.<\/li>\n \t<li>En el caso de tratamientos m\u00e9dicos especializados y odontol\u00f3gicos se exigir\u00e1 el original de la cotizaci\u00f3n por estos servicios.<\/li>\n \t<li>Para el caso de da\u00f1os o perdida de bienes indispensables, se deber\u00e1 presentar prueba del hecho que lo justifique (Visita domiciliaria) y su aprobaci\u00f3n quedar\u00e1 a juicio de la Junta Directiva.<\/li>\n \t<li>Los documentos que se presenten para el pr\u00e9stamo no podr\u00e1n tener una antig\u00fcedad mayor a treinta (30) d\u00edas h\u00e1biles a la fecha de solicitud del pr\u00e9stamo. La Junta Directiva podr\u00e1 ampliar este plazo previa justificaci\u00f3n de los motivos.<\/li>\n \t<li>En caso de las facturas canceladas el pr\u00e9stamo se abonara a nombre del asociado. En el caso de cotizaci\u00f3n se girar\u00e1 a la persona o entidad cotizante.<\/li>\n \t<li>El Asociado podr\u00e1 solicitar este pr\u00e9stamo para cubrir calamidades propias y de su grupo familiar (C\u00f3nyuge, hijos, padres, hermanos) y se prestar\u00e1 teniendo en cuenta su capacidad de endeudamiento y de pr\u00e9stamo.<\/li>\n<\/ul><!--{\/content}--><\/div><\/div><!--[\/html]-->                    <!--{\/content}-->\n                <\/div>\n            <\/div>\n        <\/div>\n    <!--[\/column]-->\n                        <!--{\/content}-->\n                    <\/div>\n                <\/div>\n            <\/div>\n        <\/div>\n    <!--[\/columns]-->\n\t\t\t\t<!--{\/content}-->\n\t\t\t<\/div>\n\t\t<\/section>\n\t<!--[\/section]-->\n\n","protected":false},"excerpt":{"rendered":"","protected":false},"author":1,"featured_media":0,"parent":0,"menu_order":0,"comment_status":"closed","ping_status":"closed","template":"","meta":{"footnotes":""},"class_list":["post-176","page","type-page","status-publish","hentry"],"yoast_head":"<!-- This site is optimized with the Yoast SEO plugin v26.7 - https:\/\/yoast.com\/wordpress\/plugins\/seo\/ -->\n<title>Calamidad dom\u00e9stica - Feqsa<\/title>\n<meta name=\"robots\" content=\"index, follow, max-snippet:-1, max-image-preview:large, max-video-preview:-1\" \/>\n<link rel=\"canonical\" href=\"https:\/\/www.feqsa.com.co\/site\/calamidad-domestica\/\" \/>\n<meta property=\"og:locale\" content=\"es_ES\" \/>\n<meta property=\"og:type\" content=\"article\" \/>\n<meta property=\"og:title\" content=\"Calamidad dom\u00e9stica - Feqsa\" \/>\n<meta property=\"og:url\" content=\"https:\/\/www.feqsa.com.co\/site\/calamidad-domestica\/\" \/>\n<meta property=\"og:site_name\" content=\"Feqsa\" \/>\n<meta property=\"article:modified_time\" content=\"2023-08-29T19:20:46+00:00\" \/>\n<meta name=\"twitter:card\" content=\"summary_large_image\" \/>\n<meta name=\"twitter:label1\" content=\"Tiempo de lectura\" \/>\n\t<meta name=\"twitter:data1\" content=\"3 minutos\" \/>\n<script type=\"application\/ld+json\" class=\"yoast-schema-graph\">{\"@context\":\"https:\/\/schema.org\",\"@graph\":[{\"@type\":\"WebPage\",\"@id\":\"https:\/\/www.feqsa.com.co\/site\/calamidad-domestica\/\",\"url\":\"https:\/\/www.feqsa.com.co\/site\/calamidad-domestica\/\",\"name\":\"Calamidad dom\u00e9stica - Feqsa\",\"isPartOf\":{\"@id\":\"https:\/\/www.feqsa.com.co\/site\/#website\"},\"datePublished\":\"2019-11-07T15:33:19+00:00\",\"dateModified\":\"2023-08-29T19:20:46+00:00\",\"breadcrumb\":{\"@id\":\"https:\/\/www.feqsa.com.co\/site\/calamidad-domestica\/#breadcrumb\"},\"inLanguage\":\"es\",\"potentialAction\":[{\"@type\":\"ReadAction\",\"target\":[\"https:\/\/www.feqsa.com.co\/site\/calamidad-domestica\/\"]}]},{\"@type\":\"BreadcrumbList\",\"@id\":\"https:\/\/www.feqsa.com.co\/site\/calamidad-domestica\/#breadcrumb\",\"itemListElement\":[{\"@type\":\"ListItem\",\"position\":1,\"name\":\"Portada\",\"item\":\"https:\/\/www.feqsa.com.co\/site\/\"},{\"@type\":\"ListItem\",\"position\":2,\"name\":\"Calamidad dom\u00e9stica\"}]},{\"@type\":\"WebSite\",\"@id\":\"https:\/\/www.feqsa.com.co\/site\/#website\",\"url\":\"https:\/\/www.feqsa.com.co\/site\/\",\"name\":\"Feqsa\",\"description\":\"Fondo de Empleados Quala\",\"publisher\":{\"@id\":\"https:\/\/www.feqsa.com.co\/site\/#organization\"},\"potentialAction\":[{\"@type\":\"SearchAction\",\"target\":{\"@type\":\"EntryPoint\",\"urlTemplate\":\"https:\/\/www.feqsa.com.co\/site\/?s={search_term_string}\"},\"query-input\":{\"@type\":\"PropertyValueSpecification\",\"valueRequired\":true,\"valueName\":\"search_term_string\"}}],\"inLanguage\":\"es\"},{\"@type\":\"Organization\",\"@id\":\"https:\/\/www.feqsa.com.co\/site\/#organization\",\"name\":\"FEQSA - Fondo de Empleados de Quala\",\"url\":\"https:\/\/www.feqsa.com.co\/site\/\",\"logo\":{\"@type\":\"ImageObject\",\"inLanguage\":\"es\",\"@id\":\"https:\/\/www.feqsa.com.co\/site\/#\/schema\/logo\/image\/\",\"url\":\"https:\/\/www.feqsa.com.co\/site\/wp-content\/uploads\/2022\/07\/FEQSA.png\",\"contentUrl\":\"https:\/\/www.feqsa.com.co\/site\/wp-content\/uploads\/2022\/07\/FEQSA.png\",\"width\":436,\"height\":150,\"caption\":\"FEQSA - Fondo de Empleados de Quala\"},\"image\":{\"@id\":\"https:\/\/www.feqsa.com.co\/site\/#\/schema\/logo\/image\/\"}}]}<\/script>\n<!-- \/ Yoast SEO plugin. -->","yoast_head_json":{"title":"Calamidad dom\u00e9stica - Feqsa","robots":{"index":"index","follow":"follow","max-snippet":"max-snippet:-1","max-image-preview":"max-image-preview:large","max-video-preview":"max-video-preview:-1"},"canonical":"https:\/\/www.feqsa.com.co\/site\/calamidad-domestica\/","og_locale":"es_ES","og_type":"article","og_title":"Calamidad dom\u00e9stica - Feqsa","og_url":"https:\/\/www.feqsa.com.co\/site\/calamidad-domestica\/","og_site_name":"Feqsa","article_modified_time":"2023-08-29T19:20:46+00:00","twitter_card":"summary_large_image","twitter_misc":{"Tiempo de lectura":"3 minutos"},"schema":{"@context":"https:\/\/schema.org","@graph":[{"@type":"WebPage","@id":"https:\/\/www.feqsa.com.co\/site\/calamidad-domestica\/","url":"https:\/\/www.feqsa.com.co\/site\/calamidad-domestica\/","name":"Calamidad dom\u00e9stica - Feqsa","isPartOf":{"@id":"https:\/\/www.feqsa.com.co\/site\/#website"},"datePublished":"2019-11-07T15:33:19+00:00","dateModified":"2023-08-29T19:20:46+00:00","breadcrumb":{"@id":"https:\/\/www.feqsa.com.co\/site\/calamidad-domestica\/#breadcrumb"},"inLanguage":"es","potentialAction":[{"@type":"ReadAction","target":["https:\/\/www.feqsa.com.co\/site\/calamidad-domestica\/"]}]},{"@type":"BreadcrumbList","@id":"https:\/\/www.feqsa.com.co\/site\/calamidad-domestica\/#breadcrumb","itemListElement":[{"@type":"ListItem","position":1,"name":"Portada","item":"https:\/\/www.feqsa.com.co\/site\/"},{"@type":"ListItem","position":2,"name":"Calamidad dom\u00e9stica"}]},{"@type":"WebSite","@id":"https:\/\/www.feqsa.com.co\/site\/#website","url":"https:\/\/www.feqsa.com.co\/site\/","name":"Feqsa","description":"Fondo de Empleados Quala","publisher":{"@id":"https:\/\/www.feqsa.com.co\/site\/#organization"},"potentialAction":[{"@type":"SearchAction","target":{"@type":"EntryPoint","urlTemplate":"https:\/\/www.feqsa.com.co\/site\/?s={search_term_string}"},"query-input":{"@type":"PropertyValueSpecification","valueRequired":true,"valueName":"search_term_string"}}],"inLanguage":"es"},{"@type":"Organization","@id":"https:\/\/www.feqsa.com.co\/site\/#organization","name":"FEQSA - Fondo de Empleados de Quala","url":"https:\/\/www.feqsa.com.co\/site\/","logo":{"@type":"ImageObject","inLanguage":"es","@id":"https:\/\/www.feqsa.com.co\/site\/#\/schema\/logo\/image\/","url":"https:\/\/www.feqsa.com.co\/site\/wp-content\/uploads\/2022\/07\/FEQSA.png","contentUrl":"https:\/\/www.feqsa.com.co\/site\/wp-content\/uploads\/2022\/07\/FEQSA.png","width":436,"height":150,"caption":"FEQSA - Fondo de Empleados de Quala"},"image":{"@id":"https:\/\/www.feqsa.com.co\/site\/#\/schema\/logo\/image\/"}}]}},"jetpack_sharing_enabled":true,"_links":{"self":[{"href":"https:\/\/www.feqsa.com.co\/site\/wp-json\/wp\/v2\/pages\/176","targetHints":{"allow":["GET"]}}],"collection":[{"href":"https:\/\/www.feqsa.com.co\/site\/wp-json\/wp\/v2\/pages"}],"about":[{"href":"https:\/\/www.feqsa.com.co\/site\/wp-json\/wp\/v2\/types\/page"}],"author":[{"embeddable":true,"href":"https:\/\/www.feqsa.com.co\/site\/wp-json\/wp\/v2\/users\/1"}],"replies":[{"embeddable":true,"href":"https:\/\/www.feqsa.com.co\/site\/wp-json\/wp\/v2\/comments?post=176"}],"version-history":[{"count":15,"href":"https:\/\/www.feqsa.com.co\/site\/wp-json\/wp\/v2\/pages\/176\/revisions"}],"predecessor-version":[{"id":1244,"href":"https:\/\/www.feqsa.com.co\/site\/wp-json\/wp\/v2\/pages\/176\/revisions\/1244"}],"wp:attachment":[{"href":"https:\/\/www.feqsa.com.co\/site\/wp-json\/wp\/v2\/media?parent=176"}],"curies":[{"name":"wp","href":"https:\/\/api.w.org\/{rel}","templated":true}]}}