{"id":226,"date":"2019-11-07T19:25:34","date_gmt":"2019-11-07T19:25:34","guid":{"rendered":"https:\/\/www.feqsa.com.co\/site\/?page_id=226"},"modified":"2025-04-15T16:05:34","modified_gmt":"2025-04-15T16:05:34","slug":"contacto","status":"publish","type":"page","link":"https:\/\/www.feqsa.com.co\/site\/contacto\/","title":{"rendered":"Contacto"},"content":{"rendered":"\t\t<div data-elementor-type=\"wp-page\" data-elementor-id=\"226\" class=\"elementor elementor-226\" data-elementor-settings=\"{&quot;ha_cmc_init_switcher&quot;:&quot;no&quot;}\">\n\t\t\t\t\t\t<section class=\"elementor-section elementor-top-section elementor-element elementor-element-2bcf745 elementor-section-boxed elementor-section-height-default elementor-section-height-default\" data-id=\"2bcf745\" data-element_type=\"section\" data-settings=\"{&quot;_ha_eqh_enable&quot;:false}\">\n\t\t\t\t\t\t<div class=\"elementor-container elementor-column-gap-default\">\n\t\t\t\t\t<div class=\"elementor-column elementor-col-50 elementor-top-column elementor-element elementor-element-011084d\" data-id=\"011084d\" data-element_type=\"column\" data-settings=\"{&quot;background_background&quot;:&quot;classic&quot;}\">\n\t\t\t<div class=\"elementor-widget-wrap elementor-element-populated\">\n\t\t\t\t\t\t<div class=\"elementor-element elementor-element-c5e5077 elementor-widget elementor-widget-text-editor\" data-id=\"c5e5077\" data-element_type=\"widget\" data-widget_type=\"text-editor.default\">\n\t\t\t\t<div class=\"elementor-widget-container\">\n\t\t\t\t\t\t\t\t\t<h1 class=\" additional-class-2002624940 bd-content-element\">Contacto<\/h1><p class=\" additional-class-854349550 bd-content-element\"><b>Tel\u00e9fonos celulares:<\/b><\/p><p>312 5852670<\/p><p>315 7290402<\/p><p>320 9938337<\/p><p>301 5104153<\/p><p class=\" additional-class-1140597971 bd-content-element\"><strong>Correos:<\/strong><\/p><p>feqsa@quala.com.co<\/p><p>sforero@quala.com.co<\/p><p>evasquez@quala.com.co<\/p><p>cardila@quala.com.co<\/p><p>sardila@quala.com.co<\/p><p>maguirre@quala.com.co<\/p><p class=\" additional-class-685105654 bd-content-element\"><strong>Direcci\u00f3n:<\/strong>\u00a0Cra 68 d N\u00b0 39 f 51 sur<\/p><p class=\" additional-class-148667102 bd-content-element\"><b>Horario De Atenci\u00f3n:<\/b><b><\/b><\/p><p><b>Lunes<\/b>: Atenci\u00f3n presencial de 7:00 am a 4:30 pm, v\u00eda WhatsApp y chat en l\u00ednea<\/p><p><b>Martes<\/b>: Atenci\u00f3n presencial de 6:00 AM A 4:30 pm, via WhatsApp y chat en linea<\/p><p><b>Mi\u00e9rcoles<\/b>: Atenci\u00f3n presencial de 6:00 AM A 4:30 pm, via WhatsApp y chat en linea<\/p><p><b>Jueves<\/b>: Atenci\u00f3n presencial de 6:00 AM A 4:30 pm, via WhatsApp y chat en linea<\/p><p><b>Viernes<\/b>: Atencion via Whatsapp y chat en linea, labores administrativas<\/p><p><b>Tocancip\u00e1<\/b>:<\/p><p>Atenci\u00f3n presencial todos los martes de 7:00 am a 4:30 pm<\/p><p>Los dem\u00e1s d\u00edas atenci\u00f3n virtual a trav\u00e9s de WhatsApp y chat en l\u00ednea.<\/p>\t\t\t\t\t\t\t\t<\/div>\n\t\t\t\t<\/div>\n\t\t\t\t\t<\/div>\n\t\t<\/div>\n\t\t\t\t<div class=\"elementor-column elementor-col-50 elementor-top-column elementor-element elementor-element-3ea03a2\" data-id=\"3ea03a2\" data-element_type=\"column\" data-settings=\"{&quot;background_background&quot;:&quot;classic&quot;}\">\n\t\t\t<div class=\"elementor-widget-wrap elementor-element-populated\">\n\t\t\t\t\t\t<div class=\"elementor-element elementor-element-eb617dc elementor-widget elementor-widget-heading\" data-id=\"eb617dc\" data-element_type=\"widget\" data-widget_type=\"heading.default\">\n\t\t\t\t<div class=\"elementor-widget-container\">\n\t\t\t\t\t<h2 class=\"elementor-heading-title elementor-size-default\">Contacto<\/h2>\t\t\t\t<\/div>\n\t\t\t\t<\/div>\n\t\t\t\t<div class=\"elementor-element elementor-element-db0ca99 elementor-widget elementor-widget-ha-cf7 happy-addon ha-cf7\" data-id=\"db0ca99\" data-element_type=\"widget\" data-widget_type=\"ha-cf7.default\">\n\t\t\t\t<div class=\"elementor-widget-container\">\n\t\t\t\t\t\n<div class=\"wpcf7 no-js\" id=\"wpcf7-f230-o1\" lang=\"es-ES\" dir=\"ltr\" data-wpcf7-id=\"230\">\n<div class=\"screen-reader-response\"><p role=\"status\" aria-live=\"polite\" aria-atomic=\"true\"><\/p> <ul><\/ul><\/div>\n<form action=\"\/site\/wp-json\/wp\/v2\/pages\/226#wpcf7-f230-o1\" method=\"post\" class=\"wpcf7-form init ha-cf7-form\" aria-label=\"Formulario de contacto\" novalidate=\"novalidate\" data-status=\"init\">\n<fieldset class=\"hidden-fields-container\"><input type=\"hidden\" name=\"_wpcf7\" value=\"230\" \/><input type=\"hidden\" name=\"_wpcf7_version\" value=\"6.1.4\" \/><input type=\"hidden\" name=\"_wpcf7_locale\" value=\"es_ES\" \/><input type=\"hidden\" name=\"_wpcf7_unit_tag\" value=\"wpcf7-f230-o1\" \/><input type=\"hidden\" name=\"_wpcf7_container_post\" value=\"0\" \/><input type=\"hidden\" name=\"_wpcf7_posted_data_hash\" value=\"\" \/><input type=\"hidden\" name=\"_uacf7_hidden_conditional_fields\" value=\"\" \/><input type=\"hidden\" name=\"_wpcf7_recaptcha_response\" value=\"\" \/>\n<\/fieldset>\n<div class=\"uacf7-form-wrapper-container uacf7-form-230  \"><label> Tu nombre (requerido)\n    <span class=\"wpcf7-form-control-wrap\" data-name=\"your-name\"><input size=\"40\" maxlength=\"400\" class=\"wpcf7-form-control wpcf7-text wpcf7-validates-as-required\" aria-required=\"true\" aria-invalid=\"false\" value=\"\" type=\"text\" name=\"your-name\" \/><\/span> <\/label>\n\n<label> Tu correo electr\u00f3nico (requerido)\n    <span class=\"wpcf7-form-control-wrap\" data-name=\"your-email\"><input size=\"40\" maxlength=\"400\" class=\"wpcf7-form-control wpcf7-email wpcf7-validates-as-required wpcf7-text wpcf7-validates-as-email\" aria-required=\"true\" aria-invalid=\"false\" value=\"\" type=\"email\" name=\"your-email\" \/><\/span> <\/label>\n\n<label> Asunto\n    <span class=\"wpcf7-form-control-wrap\" data-name=\"your-subject\"><input size=\"40\" maxlength=\"400\" class=\"wpcf7-form-control wpcf7-text\" aria-invalid=\"false\" value=\"\" type=\"text\" name=\"your-subject\" \/><\/span> <\/label>\n\n<label> Tu mensaje\n    <span class=\"wpcf7-form-control-wrap\" data-name=\"your-message\"><textarea cols=\"40\" rows=\"10\" maxlength=\"2000\" class=\"wpcf7-form-control wpcf7-textarea\" aria-invalid=\"false\" name=\"your-message\"><\/textarea><\/span> <\/label>\n\n<input class=\"wpcf7-form-control wpcf7-submit has-spinner\" type=\"submit\" value=\"Enviar\" \/><\/div><p style=\"display: none !important;\" class=\"akismet-fields-container\" data-prefix=\"_wpcf7_ak_\"><label>&#916;<textarea name=\"_wpcf7_ak_hp_textarea\" cols=\"45\" rows=\"8\" maxlength=\"100\"><\/textarea><\/label><input type=\"hidden\" id=\"ak_js_1\" name=\"_wpcf7_ak_js\" value=\"23\"\/><script>document.getElementById( \"ak_js_1\" ).setAttribute( \"value\", ( new Date() ).getTime() );<\/script><\/p><input type='hidden' class='wpcf7-pum' value='{\"closepopup\":false,\"closedelay\":0,\"openpopup\":false,\"openpopup_id\":0}' \/><div class=\"wpcf7-response-output\" aria-hidden=\"true\"><\/div>\n<\/form>\n<\/div>\n\t\t\t\t<\/div>\n\t\t\t\t<\/div>\n\t\t\t\t\t<\/div>\n\t\t<\/div>\n\t\t\t\t\t<\/div>\n\t\t<\/section>\n\t\t\t\t<\/div>\n\t\t","protected":false},"excerpt":{"rendered":"<p>Contacto Tel\u00e9fonos celulares: 312 5852670 315 7290402 320 9938337 301 5104153 Correos: feqsa@quala.com.co sforero@quala.com.co evasquez@quala.com.co cardila@quala.com.co sardila@quala.com.co maguirre@quala.com.co Direcci\u00f3n:\u00a0Cra 68 d N\u00b0 39 f 51 sur Horario De Atenci\u00f3n: Lunes: Atenci\u00f3n presencial de 7:00 am a 4:30 pm, v\u00eda WhatsApp y chat en l\u00ednea Martes: Atenci\u00f3n presencial de 6:00 AM A 4:30 pm, via WhatsApp [&hellip;]<\/p>\n","protected":false},"author":1,"featured_media":0,"parent":0,"menu_order":0,"comment_status":"closed","ping_status":"closed","template":"","meta":{"footnotes":""},"class_list":["post-226","page","type-page","status-publish","hentry"],"yoast_head":"<!-- This site is optimized with the Yoast SEO plugin v26.7 - https:\/\/yoast.com\/wordpress\/plugins\/seo\/ -->\n<title>Contacto - Feqsa<\/title>\n<meta name=\"robots\" content=\"index, follow, max-snippet:-1, max-image-preview:large, max-video-preview:-1\" \/>\n<link rel=\"canonical\" href=\"https:\/\/www.feqsa.com.co\/site\/contacto\/\" \/>\n<meta property=\"og:locale\" content=\"es_ES\" \/>\n<meta property=\"og:type\" content=\"article\" \/>\n<meta property=\"og:title\" content=\"Contacto - Feqsa\" \/>\n<meta property=\"og:description\" content=\"Contacto Tel\u00e9fonos celulares: 312 5852670 315 7290402 320 9938337 301 5104153 Correos: feqsa@quala.com.co sforero@quala.com.co evasquez@quala.com.co cardila@quala.com.co sardila@quala.com.co maguirre@quala.com.co Direcci\u00f3n:\u00a0Cra 68 d N\u00b0 39 f 51 sur Horario De Atenci\u00f3n: Lunes: Atenci\u00f3n presencial de 7:00 am a 4:30 pm, v\u00eda WhatsApp y chat en l\u00ednea Martes: Atenci\u00f3n presencial de 6:00 AM A 4:30 pm, via WhatsApp [&hellip;]\" \/>\n<meta property=\"og:url\" content=\"https:\/\/www.feqsa.com.co\/site\/contacto\/\" \/>\n<meta property=\"og:site_name\" content=\"Feqsa\" \/>\n<meta property=\"article:modified_time\" content=\"2025-04-15T16:05:34+00:00\" \/>\n<meta name=\"twitter:card\" content=\"summary_large_image\" \/>\n<meta name=\"twitter:label1\" content=\"Tiempo de lectura\" \/>\n\t<meta name=\"twitter:data1\" content=\"1 minuto\" \/>\n<script type=\"application\/ld+json\" class=\"yoast-schema-graph\">{\"@context\":\"https:\/\/schema.org\",\"@graph\":[{\"@type\":\"WebPage\",\"@id\":\"https:\/\/www.feqsa.com.co\/site\/contacto\/\",\"url\":\"https:\/\/www.feqsa.com.co\/site\/contacto\/\",\"name\":\"Contacto - Feqsa\",\"isPartOf\":{\"@id\":\"https:\/\/www.feqsa.com.co\/site\/#website\"},\"datePublished\":\"2019-11-07T19:25:34+00:00\",\"dateModified\":\"2025-04-15T16:05:34+00:00\",\"breadcrumb\":{\"@id\":\"https:\/\/www.feqsa.com.co\/site\/contacto\/#breadcrumb\"},\"inLanguage\":\"es\",\"potentialAction\":[{\"@type\":\"ReadAction\",\"target\":[\"https:\/\/www.feqsa.com.co\/site\/contacto\/\"]}]},{\"@type\":\"BreadcrumbList\",\"@id\":\"https:\/\/www.feqsa.com.co\/site\/contacto\/#breadcrumb\",\"itemListElement\":[{\"@type\":\"ListItem\",\"position\":1,\"name\":\"Portada\",\"item\":\"https:\/\/www.feqsa.com.co\/site\/\"},{\"@type\":\"ListItem\",\"position\":2,\"name\":\"Contacto\"}]},{\"@type\":\"WebSite\",\"@id\":\"https:\/\/www.feqsa.com.co\/site\/#website\",\"url\":\"https:\/\/www.feqsa.com.co\/site\/\",\"name\":\"Feqsa\",\"description\":\"Fondo de Empleados Quala\",\"publisher\":{\"@id\":\"https:\/\/www.feqsa.com.co\/site\/#organization\"},\"potentialAction\":[{\"@type\":\"SearchAction\",\"target\":{\"@type\":\"EntryPoint\",\"urlTemplate\":\"https:\/\/www.feqsa.com.co\/site\/?s={search_term_string}\"},\"query-input\":{\"@type\":\"PropertyValueSpecification\",\"valueRequired\":true,\"valueName\":\"search_term_string\"}}],\"inLanguage\":\"es\"},{\"@type\":\"Organization\",\"@id\":\"https:\/\/www.feqsa.com.co\/site\/#organization\",\"name\":\"FEQSA - Fondo de Empleados de Quala\",\"url\":\"https:\/\/www.feqsa.com.co\/site\/\",\"logo\":{\"@type\":\"ImageObject\",\"inLanguage\":\"es\",\"@id\":\"https:\/\/www.feqsa.com.co\/site\/#\/schema\/logo\/image\/\",\"url\":\"https:\/\/www.feqsa.com.co\/site\/wp-content\/uploads\/2022\/07\/FEQSA.png\",\"contentUrl\":\"https:\/\/www.feqsa.com.co\/site\/wp-content\/uploads\/2022\/07\/FEQSA.png\",\"width\":436,\"height\":150,\"caption\":\"FEQSA - Fondo de Empleados de Quala\"},\"image\":{\"@id\":\"https:\/\/www.feqsa.com.co\/site\/#\/schema\/logo\/image\/\"}}]}<\/script>\n<!-- \/ Yoast SEO plugin. -->","yoast_head_json":{"title":"Contacto - Feqsa","robots":{"index":"index","follow":"follow","max-snippet":"max-snippet:-1","max-image-preview":"max-image-preview:large","max-video-preview":"max-video-preview:-1"},"canonical":"https:\/\/www.feqsa.com.co\/site\/contacto\/","og_locale":"es_ES","og_type":"article","og_title":"Contacto - Feqsa","og_description":"Contacto Tel\u00e9fonos celulares: 312 5852670 315 7290402 320 9938337 301 5104153 Correos: feqsa@quala.com.co sforero@quala.com.co evasquez@quala.com.co cardila@quala.com.co sardila@quala.com.co maguirre@quala.com.co Direcci\u00f3n:\u00a0Cra 68 d N\u00b0 39 f 51 sur Horario De Atenci\u00f3n: Lunes: Atenci\u00f3n presencial de 7:00 am a 4:30 pm, v\u00eda WhatsApp y chat en l\u00ednea Martes: Atenci\u00f3n presencial de 6:00 AM A 4:30 pm, via WhatsApp [&hellip;]","og_url":"https:\/\/www.feqsa.com.co\/site\/contacto\/","og_site_name":"Feqsa","article_modified_time":"2025-04-15T16:05:34+00:00","twitter_card":"summary_large_image","twitter_misc":{"Tiempo de lectura":"1 minuto"},"schema":{"@context":"https:\/\/schema.org","@graph":[{"@type":"WebPage","@id":"https:\/\/www.feqsa.com.co\/site\/contacto\/","url":"https:\/\/www.feqsa.com.co\/site\/contacto\/","name":"Contacto - Feqsa","isPartOf":{"@id":"https:\/\/www.feqsa.com.co\/site\/#website"},"datePublished":"2019-11-07T19:25:34+00:00","dateModified":"2025-04-15T16:05:34+00:00","breadcrumb":{"@id":"https:\/\/www.feqsa.com.co\/site\/contacto\/#breadcrumb"},"inLanguage":"es","potentialAction":[{"@type":"ReadAction","target":["https:\/\/www.feqsa.com.co\/site\/contacto\/"]}]},{"@type":"BreadcrumbList","@id":"https:\/\/www.feqsa.com.co\/site\/contacto\/#breadcrumb","itemListElement":[{"@type":"ListItem","position":1,"name":"Portada","item":"https:\/\/www.feqsa.com.co\/site\/"},{"@type":"ListItem","position":2,"name":"Contacto"}]},{"@type":"WebSite","@id":"https:\/\/www.feqsa.com.co\/site\/#website","url":"https:\/\/www.feqsa.com.co\/site\/","name":"Feqsa","description":"Fondo de Empleados Quala","publisher":{"@id":"https:\/\/www.feqsa.com.co\/site\/#organization"},"potentialAction":[{"@type":"SearchAction","target":{"@type":"EntryPoint","urlTemplate":"https:\/\/www.feqsa.com.co\/site\/?s={search_term_string}"},"query-input":{"@type":"PropertyValueSpecification","valueRequired":true,"valueName":"search_term_string"}}],"inLanguage":"es"},{"@type":"Organization","@id":"https:\/\/www.feqsa.com.co\/site\/#organization","name":"FEQSA - Fondo de Empleados de Quala","url":"https:\/\/www.feqsa.com.co\/site\/","logo":{"@type":"ImageObject","inLanguage":"es","@id":"https:\/\/www.feqsa.com.co\/site\/#\/schema\/logo\/image\/","url":"https:\/\/www.feqsa.com.co\/site\/wp-content\/uploads\/2022\/07\/FEQSA.png","contentUrl":"https:\/\/www.feqsa.com.co\/site\/wp-content\/uploads\/2022\/07\/FEQSA.png","width":436,"height":150,"caption":"FEQSA - Fondo de Empleados de Quala"},"image":{"@id":"https:\/\/www.feqsa.com.co\/site\/#\/schema\/logo\/image\/"}}]}},"jetpack_sharing_enabled":true,"_links":{"self":[{"href":"https:\/\/www.feqsa.com.co\/site\/wp-json\/wp\/v2\/pages\/226","targetHints":{"allow":["GET"]}}],"collection":[{"href":"https:\/\/www.feqsa.com.co\/site\/wp-json\/wp\/v2\/pages"}],"about":[{"href":"https:\/\/www.feqsa.com.co\/site\/wp-json\/wp\/v2\/types\/page"}],"author":[{"embeddable":true,"href":"https:\/\/www.feqsa.com.co\/site\/wp-json\/wp\/v2\/users\/1"}],"replies":[{"embeddable":true,"href":"https:\/\/www.feqsa.com.co\/site\/wp-json\/wp\/v2\/comments?post=226"}],"version-history":[{"count":45,"href":"https:\/\/www.feqsa.com.co\/site\/wp-json\/wp\/v2\/pages\/226\/revisions"}],"predecessor-version":[{"id":1965,"href":"https:\/\/www.feqsa.com.co\/site\/wp-json\/wp\/v2\/pages\/226\/revisions\/1965"}],"wp:attachment":[{"href":"https:\/\/www.feqsa.com.co\/site\/wp-json\/wp\/v2\/media?parent=226"}],"curies":[{"name":"wp","href":"https:\/\/api.w.org\/{rel}","templated":true}]}}