{"id":619,"date":"2022-08-25T18:54:59","date_gmt":"2022-08-25T18:54:59","guid":{"rendered":"https:\/\/www.feqsa.com.co\/site\/?page_id=619"},"modified":"2025-03-06T18:49:51","modified_gmt":"2025-03-06T18:49:51","slug":"ropa-y-calzado","status":"publish","type":"page","link":"https:\/\/www.feqsa.com.co\/site\/convenios\/ropa-y-calzado\/","title":{"rendered":"Ropa y Calzado"},"content":{"rendered":"\t\t<div data-elementor-type=\"wp-page\" data-elementor-id=\"619\" class=\"elementor elementor-619\" data-elementor-settings=\"{&quot;ha_cmc_init_switcher&quot;:&quot;no&quot;}\">\n\t\t\t\t\t\t<section class=\"elementor-section elementor-top-section elementor-element elementor-element-48a6793c elementor-section-boxed elementor-section-height-default elementor-section-height-default\" data-id=\"48a6793c\" data-element_type=\"section\" data-settings=\"{&quot;background_background&quot;:&quot;classic&quot;,&quot;_ha_eqh_enable&quot;:false}\">\n\t\t\t\t\t\t<div class=\"elementor-container elementor-column-gap-default\">\n\t\t\t\t\t<div class=\"elementor-column elementor-col-100 elementor-top-column elementor-element elementor-element-3cbfc127\" data-id=\"3cbfc127\" data-element_type=\"column\">\n\t\t\t<div class=\"elementor-widget-wrap elementor-element-populated\">\n\t\t\t\t\t\t<div class=\"elementor-element elementor-element-71eae8b9 eael-fg-card-content-align-left elementor-widget elementor-widget-eael-filterable-gallery\" data-id=\"71eae8b9\" data-element_type=\"widget\" data-settings=\"{&quot;photo_gallery&quot;:&quot;yes&quot;,&quot;pagination&quot;:&quot;false&quot;}\" data-widget_type=\"eael-filterable-gallery.default\">\n\t\t\t\t<div class=\"elementor-widget-container\">\n\t\t\t\t\t<style id=\"eael-fg-inline-css-71eae8b9\">@media only screen and (max-width: 2399px) {\n\t\t\t\t\t.elementor-element.elementor-element-71eae8b9 .eael-filterable-gallery-item-wrap {\n\t\t\t\t\t        width: 25%;\n\t\t\t\t\t    }\n\t\t\t\t\t}@media only screen and (max-width: 1024px) {\n\t\t\t\t\t.elementor-element.elementor-element-71eae8b9  .eael-filterable-gallery-item-wrap {\n\t\t\t\t\t        width: 50%;\n\t\t\t\t\t    }\n\t\t\t\t\t}@media only screen and (max-width: 767px) {\n\t\t\t\t\t.elementor-element.elementor-element-71eae8b9  .eael-filterable-gallery-item-wrap {\n\t\t\t\t\t        width: 100%;\n\t\t\t\t\t    }\n\t\t\t\t\t}<\/style>        <div id=\"eael-filter-gallery-wrapper-71eae8b9\" class=\"eael-filter-gallery-wrapper\" data-layout-mode=\"layout_3\" data-breakpoints=\"{&quot;mobile&quot;:{&quot;label&quot;:&quot;M\\u00f3vil vertical&quot;,&quot;value&quot;:767,&quot;default_value&quot;:767,&quot;direction&quot;:&quot;max&quot;,&quot;is_enabled&quot;:true},&quot;mobile_extra&quot;:{&quot;label&quot;:&quot;M\\u00f3vil horizontal&quot;,&quot;value&quot;:880,&quot;default_value&quot;:880,&quot;direction&quot;:&quot;max&quot;,&quot;is_enabled&quot;:false},&quot;tablet&quot;:{&quot;label&quot;:&quot;Tableta vertical&quot;,&quot;value&quot;:1024,&quot;default_value&quot;:1024,&quot;direction&quot;:&quot;max&quot;,&quot;is_enabled&quot;:true},&quot;tablet_extra&quot;:{&quot;label&quot;:&quot;Tableta horizontal&quot;,&quot;value&quot;:1200,&quot;default_value&quot;:1200,&quot;direction&quot;:&quot;max&quot;,&quot;is_enabled&quot;:false},&quot;laptop&quot;:{&quot;label&quot;:&quot;Port\\u00e1til&quot;,&quot;value&quot;:1366,&quot;default_value&quot;:1366,&quot;direction&quot;:&quot;max&quot;,&quot;is_enabled&quot;:false},&quot;widescreen&quot;:{&quot;label&quot;:&quot;Pantalla grande&quot;,&quot;value&quot;:2400,&quot;default_value&quot;:2400,&quot;direction&quot;:&quot;min&quot;,&quot;is_enabled&quot;:false}}\" data-default_control_key=\"0\" data-custom_default_control=\"\">\n                        <div class=\"fg-layout-3-filters-wrap\">\n                <div class=\"fg-filter-wrap\">\n                    <button id=\"fg-filter-trigger\" class=\"fg-filter-trigger\">\n                        <span>\n                            Todos                        <\/span>\n                        <i class=\"fas fa-angle-down\"><\/i>\n                    <\/button>\n                    <ul class=\"fg-layout-3-filter-controls\">\n                                                    <li class=\"control  active \" data-filter=\"*\">Todos<\/li>\n                                                \n                                                    <li  class=\"control \" data-filter=\".eael-cf-gallery-item\">Gallery Item<\/li>\n                                            <\/ul>\n                <\/div>\n\n                <form class=\"fg-layout-3-search-box\" id=\"fg-layout-3-search-box\" autocomplete=\"off\">\n                    <input type=\"text\" id=\"fg-search-box-input\" name=\"fg-frontend-search\" placeholder=\"Buscar convenio...\" \/>\n                <\/form>\n\n            <\/div>\n                    <div class=\"eael-filter-gallery-container eael-filter-gallery-grid\" data-images-per-page=\"\" data-total-gallery-items=\"2\" data-nomore-item-text=\"\" data-is-randomize=\"no\" data-settings=\"{&quot;grid_style&quot;:&quot;grid&quot;,&quot;popup&quot;:&quot;buttons&quot;,&quot;duration&quot;:500,&quot;gallery_enabled&quot;:&quot;yes&quot;,&quot;video_gallery_yt_privacy&quot;:&quot;&quot;,&quot;control_all_text&quot;:&quot;Todos&quot;,&quot;post_id&quot;:619,&quot;widget_id&quot;:&quot;71eae8b9&quot;}\" data-search-all=\"\" data-gallery-items=\"WyI8ZGl2IGNsYXNzPVwiZWFlbC1maWx0ZXJhYmxlLWdhbGxlcnktaXRlbS13cmFwIGVhZWwtY2YtZGl2YW5jaGVcIiBkYXRhLXNlYXJjaC1rZXk9XCJkaXZhbmNoZVwiPjxkaXYgY2xhc3M9XCJmZy1sYXlvdXQtMy1pdGVtIGVhZWwtZ2FsbGVyeS1ncmlkLWl0ZW1cIj48ZGl2IGNsYXNzPVwiZ2FsbGVyeS1pdGVtLXRodW1ibmFpbC13cmFwIGZnLWxheW91dC0zLWl0ZW0tdGh1bWJcIj48aW1nIHNyYz1cImh0dHBzOlwvXC93d3cuZmVxc2EuY29tLmNvXC9zaXRlXC93cC1jb250ZW50XC91cGxvYWRzXC8yMDIyXC8wOFwvRElWQU5DSEUucG5nXCIgZGF0YS1sYXp5LXNyYz1cImh0dHBzOlwvXC93d3cuZmVxc2EuY29tLmNvXC9zaXRlXC93cC1jb250ZW50XC91cGxvYWRzXC8yMDIyXC8wOFwvRElWQU5DSEUucG5nXCIgYWx0PVwiRElWQU5DSEVcIiBjbGFzcz1cImdhbGxlcnktaXRlbS10aHVtYm5haWxcIj48ZGl2IGNsYXNzPVwiZ2FsbGVyeS1pdGVtLWNhcHRpb24td3JhcCBjYXJkLWhvdmVyLWJnIGNhcHRpb24tc3R5bGUtaG92ZXJlclwiPjxkaXYgY2xhc3M9XCJmZy1jYXB0aW9uLWhlYWRcIj48XC9kaXY+PGRpdiBjbGFzcz1cImdhbGxlcnktaXRlbS1idXR0b25zXCI+ICAgICAgICAgICAgICAgIDxhIGhyZWY9XCJodHRwczpcL1wvd3d3LmZlcXNhLmNvbS5jb1wvc2l0ZVwvd3AtY29udGVudFwvdXBsb2Fkc1wvMjAyMlwvMDhcL0RJVkFOQ0hFLmpwZ1wiIGFyaWEtbGFiZWw9XCJlYWVsLWl0ZW0tbWF5YmUtbGlua1wiPiA8c3BhbiBjbGFzcz1cImZnLWl0ZW0taWNvbi1pbm5lclwiPjxpIGNsYXNzPVwiZmFzIGZhLWxpbmtcIiBhcmlhLWhpZGRlbj1cInRydWVcIj48XC9pPjxcL3NwYW4+PFwvYT48XC9kaXY+PFwvZGl2PjxcL2Rpdj48ZGl2IGNsYXNzPVwiZmctbGF5b3V0LTMtaXRlbS1jb250ZW50XCI+PGgyIGNsYXNzPVwiZmctaXRlbS10aXRsZVwiPkRJVkFOQ0hFPFwvaDI+PGRpdiBjbGFzcz1cImZnLWl0ZW0tY29udGVudFwiPjxwPjxhIGhyZWY9XCJodHRwczpcL1wvd3d3LmZlcXNhLmNvbS5jb1wvc2l0ZVwvd3AtY29udGVudFwvdXBsb2Fkc1wvMjAyMlwvMDhcL0RJVkFOQ0hFLmpwZ1wiPk1cdTAwZTFzIGluZm9ybWFjaVx1MDBmM248XC9hPjxcL3A+XG48XC9kaXY+PFwvZGl2PjxcL2Rpdj48XC9kaXY+IiwiPGRpdiBjbGFzcz1cImVhZWwtZmlsdGVyYWJsZS1nYWxsZXJ5LWl0ZW0td3JhcCBlYWVsLWNmLXRhdGEtcHJhZGFcIiBkYXRhLXNlYXJjaC1rZXk9XCJ0YXRhLXByYWRhXCI+PGRpdiBjbGFzcz1cImZnLWxheW91dC0zLWl0ZW0gZWFlbC1nYWxsZXJ5LWdyaWQtaXRlbVwiPjxkaXYgY2xhc3M9XCJnYWxsZXJ5LWl0ZW0tdGh1bWJuYWlsLXdyYXAgZmctbGF5b3V0LTMtaXRlbS10aHVtYlwiPjxpbWcgc3JjPVwiaHR0cHM6XC9cL3d3dy5mZXFzYS5jb20uY29cL3NpdGVcL3dwLWNvbnRlbnRcL3VwbG9hZHNcLzIwMjJcLzA4XC9UQVRBLVBSQURBLnBuZ1wiIGRhdGEtbGF6eS1zcmM9XCJodHRwczpcL1wvd3d3LmZlcXNhLmNvbS5jb1wvc2l0ZVwvd3AtY29udGVudFwvdXBsb2Fkc1wvMjAyMlwvMDhcL1RBVEEtUFJBREEucG5nXCIgYWx0PVwiVEFUQSBQUkFEQVwiIGNsYXNzPVwiZ2FsbGVyeS1pdGVtLXRodW1ibmFpbFwiPjxkaXYgY2xhc3M9XCJnYWxsZXJ5LWl0ZW0tY2FwdGlvbi13cmFwIGNhcmQtaG92ZXItYmcgY2FwdGlvbi1zdHlsZS1ob3ZlcmVyXCI+PGRpdiBjbGFzcz1cImZnLWNhcHRpb24taGVhZFwiPjxcL2Rpdj48ZGl2IGNsYXNzPVwiZ2FsbGVyeS1pdGVtLWJ1dHRvbnNcIj4gICAgICAgICAgICAgICAgPGEgaHJlZj1cImh0dHBzOlwvXC93d3cuZmVxc2EuY29tLmNvXC9zaXRlXC93cC1jb250ZW50XC91cGxvYWRzXC8yMDIyXC8wOFwvVEFUQS5qcGdcIiBhcmlhLWxhYmVsPVwiZWFlbC1pdGVtLW1heWJlLWxpbmtcIj4gPHNwYW4gY2xhc3M9XCJmZy1pdGVtLWljb24taW5uZXJcIj48aSBjbGFzcz1cImZhcyBmYS1saW5rXCIgYXJpYS1oaWRkZW49XCJ0cnVlXCI+PFwvaT48XC9zcGFuPjxcL2E+PFwvZGl2PjxcL2Rpdj48XC9kaXY+PGRpdiBjbGFzcz1cImZnLWxheW91dC0zLWl0ZW0tY29udGVudFwiPjxoMiBjbGFzcz1cImZnLWl0ZW0tdGl0bGVcIj5UQVRBIFBSQURBPFwvaDI+PGRpdiBjbGFzcz1cImZnLWl0ZW0tY29udGVudFwiPjxwPjxhIGhyZWY9XCJodHRwczpcL1wvd3d3LmZlcXNhLmNvbS5jb1wvc2l0ZVwvY29udmVuaW9zXC9yb3BhLXktY2FsemFkb1wvXCI+TVx1MDBlMXMgaW5mb3JtYWNpXHUwMGYzbjxcL2E+PFwvcD5cbjxcL2Rpdj48XC9kaXY+PFwvZGl2PjxcL2Rpdj4iXQ==\" data-init-show=\"20\">\n            <div class=\"eael-filterable-gallery-item-wrap eael-cf-divanche\" data-search-key=\"divanche\"><div class=\"fg-layout-3-item eael-gallery-grid-item\"><div class=\"gallery-item-thumbnail-wrap fg-layout-3-item-thumb\"><img decoding=\"async\" src=\"https:\/\/www.feqsa.com.co\/site\/wp-content\/uploads\/2022\/08\/DIVANCHE.png\" data-lazy-src=\"https:\/\/www.feqsa.com.co\/site\/wp-content\/uploads\/2022\/08\/DIVANCHE.png\" alt=\"DIVANCHE\" class=\"gallery-item-thumbnail\"><div class=\"gallery-item-caption-wrap card-hover-bg caption-style-hoverer\"><div class=\"fg-caption-head\"><\/div><div class=\"gallery-item-buttons\">                <a href=\"https:\/\/www.feqsa.com.co\/site\/wp-content\/uploads\/2022\/08\/DIVANCHE.jpg\" aria-label=\"eael-item-maybe-link\"> <span class=\"fg-item-icon-inner\"><i class=\"fas fa-link\" aria-hidden=\"true\"><\/i><\/span><\/a><\/div><\/div><\/div><div class=\"fg-layout-3-item-content\"><h2 class=\"fg-item-title\">DIVANCHE<\/h2><div class=\"fg-item-content\"><p><a href=\"https:\/\/www.feqsa.com.co\/site\/wp-content\/uploads\/2022\/08\/DIVANCHE.jpg\">M\u00e1s informaci\u00f3n<\/a><\/p>\n<\/div><\/div><\/div><\/div><div class=\"eael-filterable-gallery-item-wrap eael-cf-tata-prada\" data-search-key=\"tata-prada\"><div class=\"fg-layout-3-item eael-gallery-grid-item\"><div class=\"gallery-item-thumbnail-wrap fg-layout-3-item-thumb\"><img decoding=\"async\" src=\"https:\/\/www.feqsa.com.co\/site\/wp-content\/uploads\/2022\/08\/TATA-PRADA.png\" data-lazy-src=\"https:\/\/www.feqsa.com.co\/site\/wp-content\/uploads\/2022\/08\/TATA-PRADA.png\" alt=\"TATA PRADA\" class=\"gallery-item-thumbnail\"><div class=\"gallery-item-caption-wrap card-hover-bg caption-style-hoverer\"><div class=\"fg-caption-head\"><\/div><div class=\"gallery-item-buttons\">                <a href=\"https:\/\/www.feqsa.com.co\/site\/wp-content\/uploads\/2022\/08\/TATA.jpg\" aria-label=\"eael-item-maybe-link\"> <span class=\"fg-item-icon-inner\"><i class=\"fas fa-link\" aria-hidden=\"true\"><\/i><\/span><\/a><\/div><\/div><\/div><div class=\"fg-layout-3-item-content\"><h2 class=\"fg-item-title\">TATA PRADA<\/h2><div class=\"fg-item-content\"><p><a href=\"https:\/\/www.feqsa.com.co\/site\/convenios\/ropa-y-calzado\/\">M\u00e1s informaci\u00f3n<\/a><\/p>\n<\/div><\/div><\/div><\/div>            <div id=\"eael-fg-no-items-found\" style=\"display:none;\">\n                No se han encontrado elementos            <\/div>\n                    <\/div>\n                <\/div>\n        \n        \t\t\t\t<\/div>\n\t\t\t\t<\/div>\n\t\t\t\t\t<\/div>\n\t\t<\/div>\n\t\t\t\t\t<\/div>\n\t\t<\/section>\n\t\t\t\t<\/div>\n\t\t","protected":false},"excerpt":{"rendered":"<p>Todos Todos Elemento de la galer\u00eda DIVANCHE M\u00e1s informaci\u00f3n TATA PRADA M\u00e1s informaci\u00f3n No se han encontrado elementos<\/p>\n","protected":false},"author":2,"featured_media":0,"parent":28,"menu_order":0,"comment_status":"closed","ping_status":"closed","template":"","meta":{"footnotes":""},"class_list":["post-619","page","type-page","status-publish","hentry"],"yoast_head":"<!-- This site is optimized with the Yoast SEO plugin v26.7 - https:\/\/yoast.com\/wordpress\/plugins\/seo\/ -->\n<title>Ropa y Calzado - Feqsa<\/title>\n<meta name=\"robots\" content=\"index, follow, max-snippet:-1, max-image-preview:large, max-video-preview:-1\" \/>\n<link rel=\"canonical\" href=\"https:\/\/www.feqsa.com.co\/site\/convenios\/ropa-y-calzado\/\" \/>\n<meta property=\"og:locale\" content=\"es_ES\" \/>\n<meta property=\"og:type\" content=\"article\" \/>\n<meta property=\"og:title\" content=\"Ropa y Calzado - Feqsa\" \/>\n<meta property=\"og:description\" content=\"Todos Todos Elemento de la galer\u00eda DIVANCHE M\u00e1s informaci\u00f3n TATA PRADA M\u00e1s informaci\u00f3n No se han encontrado elementos\" \/>\n<meta property=\"og:url\" content=\"https:\/\/www.feqsa.com.co\/site\/convenios\/ropa-y-calzado\/\" \/>\n<meta property=\"og:site_name\" content=\"Feqsa\" \/>\n<meta property=\"article:modified_time\" content=\"2025-03-06T18:49:51+00:00\" \/>\n<meta property=\"og:image\" content=\"https:\/\/www.feqsa.com.co\/site\/wp-content\/uploads\/2022\/08\/DIVANCHE.png\" \/>\n<meta name=\"twitter:card\" content=\"summary_large_image\" \/>\n<meta name=\"twitter:label1\" content=\"Tiempo de lectura\" \/>\n\t<meta name=\"twitter:data1\" content=\"1 minuto\" \/>\n<script type=\"application\/ld+json\" class=\"yoast-schema-graph\">{\"@context\":\"https:\/\/schema.org\",\"@graph\":[{\"@type\":\"WebPage\",\"@id\":\"https:\/\/www.feqsa.com.co\/site\/convenios\/ropa-y-calzado\/\",\"url\":\"https:\/\/www.feqsa.com.co\/site\/convenios\/ropa-y-calzado\/\",\"name\":\"Ropa y Calzado - Feqsa\",\"isPartOf\":{\"@id\":\"https:\/\/www.feqsa.com.co\/site\/#website\"},\"primaryImageOfPage\":{\"@id\":\"https:\/\/www.feqsa.com.co\/site\/convenios\/ropa-y-calzado\/#primaryimage\"},\"image\":{\"@id\":\"https:\/\/www.feqsa.com.co\/site\/convenios\/ropa-y-calzado\/#primaryimage\"},\"thumbnailUrl\":\"https:\/\/www.feqsa.com.co\/site\/wp-content\/uploads\/2022\/08\/DIVANCHE.png\",\"datePublished\":\"2022-08-25T18:54:59+00:00\",\"dateModified\":\"2025-03-06T18:49:51+00:00\",\"breadcrumb\":{\"@id\":\"https:\/\/www.feqsa.com.co\/site\/convenios\/ropa-y-calzado\/#breadcrumb\"},\"inLanguage\":\"es\",\"potentialAction\":[{\"@type\":\"ReadAction\",\"target\":[\"https:\/\/www.feqsa.com.co\/site\/convenios\/ropa-y-calzado\/\"]}]},{\"@type\":\"ImageObject\",\"inLanguage\":\"es\",\"@id\":\"https:\/\/www.feqsa.com.co\/site\/convenios\/ropa-y-calzado\/#primaryimage\",\"url\":\"https:\/\/www.feqsa.com.co\/site\/wp-content\/uploads\/2022\/08\/DIVANCHE.png\",\"contentUrl\":\"https:\/\/www.feqsa.com.co\/site\/wp-content\/uploads\/2022\/08\/DIVANCHE.png\",\"width\":500,\"height\":320},{\"@type\":\"BreadcrumbList\",\"@id\":\"https:\/\/www.feqsa.com.co\/site\/convenios\/ropa-y-calzado\/#breadcrumb\",\"itemListElement\":[{\"@type\":\"ListItem\",\"position\":1,\"name\":\"Portada\",\"item\":\"https:\/\/www.feqsa.com.co\/site\/\"},{\"@type\":\"ListItem\",\"position\":2,\"name\":\"Convenios\",\"item\":\"https:\/\/www.feqsa.com.co\/site\/convenios\/\"},{\"@type\":\"ListItem\",\"position\":3,\"name\":\"Ropa y Calzado\"}]},{\"@type\":\"WebSite\",\"@id\":\"https:\/\/www.feqsa.com.co\/site\/#website\",\"url\":\"https:\/\/www.feqsa.com.co\/site\/\",\"name\":\"Feqsa\",\"description\":\"Fondo de Empleados Quala\",\"publisher\":{\"@id\":\"https:\/\/www.feqsa.com.co\/site\/#organization\"},\"potentialAction\":[{\"@type\":\"SearchAction\",\"target\":{\"@type\":\"EntryPoint\",\"urlTemplate\":\"https:\/\/www.feqsa.com.co\/site\/?s={search_term_string}\"},\"query-input\":{\"@type\":\"PropertyValueSpecification\",\"valueRequired\":true,\"valueName\":\"search_term_string\"}}],\"inLanguage\":\"es\"},{\"@type\":\"Organization\",\"@id\":\"https:\/\/www.feqsa.com.co\/site\/#organization\",\"name\":\"FEQSA - Fondo de Empleados de Quala\",\"url\":\"https:\/\/www.feqsa.com.co\/site\/\",\"logo\":{\"@type\":\"ImageObject\",\"inLanguage\":\"es\",\"@id\":\"https:\/\/www.feqsa.com.co\/site\/#\/schema\/logo\/image\/\",\"url\":\"https:\/\/www.feqsa.com.co\/site\/wp-content\/uploads\/2022\/07\/FEQSA.png\",\"contentUrl\":\"https:\/\/www.feqsa.com.co\/site\/wp-content\/uploads\/2022\/07\/FEQSA.png\",\"width\":436,\"height\":150,\"caption\":\"FEQSA - Fondo de Empleados de Quala\"},\"image\":{\"@id\":\"https:\/\/www.feqsa.com.co\/site\/#\/schema\/logo\/image\/\"}}]}<\/script>\n<!-- \/ Yoast SEO plugin. -->","yoast_head_json":{"title":"Ropa y Calzado - Feqsa","robots":{"index":"index","follow":"follow","max-snippet":"max-snippet:-1","max-image-preview":"max-image-preview:large","max-video-preview":"max-video-preview:-1"},"canonical":"https:\/\/www.feqsa.com.co\/site\/convenios\/ropa-y-calzado\/","og_locale":"es_ES","og_type":"article","og_title":"Ropa y Calzado - Feqsa","og_description":"Todos Todos Elemento de la galer\u00eda DIVANCHE M\u00e1s informaci\u00f3n TATA PRADA M\u00e1s informaci\u00f3n No se han encontrado elementos","og_url":"https:\/\/www.feqsa.com.co\/site\/convenios\/ropa-y-calzado\/","og_site_name":"Feqsa","article_modified_time":"2025-03-06T18:49:51+00:00","og_image":[{"url":"https:\/\/www.feqsa.com.co\/site\/wp-content\/uploads\/2022\/08\/DIVANCHE.png","type":"","width":"","height":""}],"twitter_card":"summary_large_image","twitter_misc":{"Tiempo de lectura":"1 minuto"},"schema":{"@context":"https:\/\/schema.org","@graph":[{"@type":"WebPage","@id":"https:\/\/www.feqsa.com.co\/site\/convenios\/ropa-y-calzado\/","url":"https:\/\/www.feqsa.com.co\/site\/convenios\/ropa-y-calzado\/","name":"Ropa y Calzado - Feqsa","isPartOf":{"@id":"https:\/\/www.feqsa.com.co\/site\/#website"},"primaryImageOfPage":{"@id":"https:\/\/www.feqsa.com.co\/site\/convenios\/ropa-y-calzado\/#primaryimage"},"image":{"@id":"https:\/\/www.feqsa.com.co\/site\/convenios\/ropa-y-calzado\/#primaryimage"},"thumbnailUrl":"https:\/\/www.feqsa.com.co\/site\/wp-content\/uploads\/2022\/08\/DIVANCHE.png","datePublished":"2022-08-25T18:54:59+00:00","dateModified":"2025-03-06T18:49:51+00:00","breadcrumb":{"@id":"https:\/\/www.feqsa.com.co\/site\/convenios\/ropa-y-calzado\/#breadcrumb"},"inLanguage":"es","potentialAction":[{"@type":"ReadAction","target":["https:\/\/www.feqsa.com.co\/site\/convenios\/ropa-y-calzado\/"]}]},{"@type":"ImageObject","inLanguage":"es","@id":"https:\/\/www.feqsa.com.co\/site\/convenios\/ropa-y-calzado\/#primaryimage","url":"https:\/\/www.feqsa.com.co\/site\/wp-content\/uploads\/2022\/08\/DIVANCHE.png","contentUrl":"https:\/\/www.feqsa.com.co\/site\/wp-content\/uploads\/2022\/08\/DIVANCHE.png","width":500,"height":320},{"@type":"BreadcrumbList","@id":"https:\/\/www.feqsa.com.co\/site\/convenios\/ropa-y-calzado\/#breadcrumb","itemListElement":[{"@type":"ListItem","position":1,"name":"Portada","item":"https:\/\/www.feqsa.com.co\/site\/"},{"@type":"ListItem","position":2,"name":"Convenios","item":"https:\/\/www.feqsa.com.co\/site\/convenios\/"},{"@type":"ListItem","position":3,"name":"Ropa y Calzado"}]},{"@type":"WebSite","@id":"https:\/\/www.feqsa.com.co\/site\/#website","url":"https:\/\/www.feqsa.com.co\/site\/","name":"Feqsa","description":"Fondo de Empleados Quala","publisher":{"@id":"https:\/\/www.feqsa.com.co\/site\/#organization"},"potentialAction":[{"@type":"SearchAction","target":{"@type":"EntryPoint","urlTemplate":"https:\/\/www.feqsa.com.co\/site\/?s={search_term_string}"},"query-input":{"@type":"PropertyValueSpecification","valueRequired":true,"valueName":"search_term_string"}}],"inLanguage":"es"},{"@type":"Organization","@id":"https:\/\/www.feqsa.com.co\/site\/#organization","name":"FEQSA - Fondo de Empleados de Quala","url":"https:\/\/www.feqsa.com.co\/site\/","logo":{"@type":"ImageObject","inLanguage":"es","@id":"https:\/\/www.feqsa.com.co\/site\/#\/schema\/logo\/image\/","url":"https:\/\/www.feqsa.com.co\/site\/wp-content\/uploads\/2022\/07\/FEQSA.png","contentUrl":"https:\/\/www.feqsa.com.co\/site\/wp-content\/uploads\/2022\/07\/FEQSA.png","width":436,"height":150,"caption":"FEQSA - Fondo de Empleados de Quala"},"image":{"@id":"https:\/\/www.feqsa.com.co\/site\/#\/schema\/logo\/image\/"}}]}},"jetpack_sharing_enabled":true,"_links":{"self":[{"href":"https:\/\/www.feqsa.com.co\/site\/wp-json\/wp\/v2\/pages\/619","targetHints":{"allow":["GET"]}}],"collection":[{"href":"https:\/\/www.feqsa.com.co\/site\/wp-json\/wp\/v2\/pages"}],"about":[{"href":"https:\/\/www.feqsa.com.co\/site\/wp-json\/wp\/v2\/types\/page"}],"author":[{"embeddable":true,"href":"https:\/\/www.feqsa.com.co\/site\/wp-json\/wp\/v2\/users\/2"}],"replies":[{"embeddable":true,"href":"https:\/\/www.feqsa.com.co\/site\/wp-json\/wp\/v2\/comments?post=619"}],"version-history":[{"count":22,"href":"https:\/\/www.feqsa.com.co\/site\/wp-json\/wp\/v2\/pages\/619\/revisions"}],"predecessor-version":[{"id":1866,"href":"https:\/\/www.feqsa.com.co\/site\/wp-json\/wp\/v2\/pages\/619\/revisions\/1866"}],"up":[{"embeddable":true,"href":"https:\/\/www.feqsa.com.co\/site\/wp-json\/wp\/v2\/pages\/28"}],"wp:attachment":[{"href":"https:\/\/www.feqsa.com.co\/site\/wp-json\/wp\/v2\/media?parent=619"}],"curies":[{"name":"wp","href":"https:\/\/api.w.org\/{rel}","templated":true}]}}