{"id":629,"date":"2022-08-25T18:57:56","date_gmt":"2022-08-25T18:57:56","guid":{"rendered":"https:\/\/www.feqsa.com.co\/site\/?page_id=629"},"modified":"2026-04-09T15:21:47","modified_gmt":"2026-04-09T15:21:47","slug":"joyeria-y-accesorios","status":"publish","type":"page","link":"https:\/\/www.feqsa.com.co\/site\/convenios\/joyeria-y-accesorios\/","title":{"rendered":"Joyer\u00eda y accesorios"},"content":{"rendered":"\t\t<div data-elementor-type=\"wp-page\" data-elementor-id=\"629\" class=\"elementor elementor-629\" data-elementor-settings=\"{&quot;ha_cmc_init_switcher&quot;:&quot;no&quot;}\">\n\t\t\t\t\t\t<section class=\"elementor-section elementor-top-section elementor-element elementor-element-483058c9 elementor-section-boxed elementor-section-height-default elementor-section-height-default\" data-id=\"483058c9\" data-element_type=\"section\" data-settings=\"{&quot;background_background&quot;:&quot;classic&quot;,&quot;_ha_eqh_enable&quot;:false}\">\n\t\t\t\t\t\t<div class=\"elementor-container elementor-column-gap-default\">\n\t\t\t\t\t<div class=\"elementor-column elementor-col-100 elementor-top-column elementor-element elementor-element-110da879\" data-id=\"110da879\" data-element_type=\"column\">\n\t\t\t<div class=\"elementor-widget-wrap elementor-element-populated\">\n\t\t\t\t\t\t<div class=\"elementor-element elementor-element-253a6a51 eael-fg-card-content-align-left elementor-widget elementor-widget-eael-filterable-gallery\" data-id=\"253a6a51\" data-element_type=\"widget\" data-settings=\"{&quot;photo_gallery&quot;:&quot;yes&quot;,&quot;pagination&quot;:&quot;false&quot;}\" data-widget_type=\"eael-filterable-gallery.default\">\n\t\t\t\t<div class=\"elementor-widget-container\">\n\t\t\t\t\t<style id=\"eael-fg-inline-css-253a6a51\">@media only screen and (max-width: 2399px) {\n\t\t\t\t\t.elementor-element.elementor-element-253a6a51 .eael-filterable-gallery-item-wrap {\n\t\t\t\t\t        width: 25%;\n\t\t\t\t\t    }\n\t\t\t\t\t}@media only screen and (max-width: 1024px) {\n\t\t\t\t\t.elementor-element.elementor-element-253a6a51  .eael-filterable-gallery-item-wrap {\n\t\t\t\t\t        width: 50%;\n\t\t\t\t\t    }\n\t\t\t\t\t}@media only screen and (max-width: 767px) {\n\t\t\t\t\t.elementor-element.elementor-element-253a6a51  .eael-filterable-gallery-item-wrap {\n\t\t\t\t\t        width: 100%;\n\t\t\t\t\t    }\n\t\t\t\t\t}<\/style>        <div id=\"eael-filter-gallery-wrapper-253a6a51\" class=\"eael-filter-gallery-wrapper\" data-layout-mode=\"layout_3\" data-breakpoints=\"{&quot;mobile&quot;:{&quot;label&quot;:&quot;M\\u00f3vil vertical&quot;,&quot;value&quot;:767,&quot;default_value&quot;:767,&quot;direction&quot;:&quot;max&quot;,&quot;is_enabled&quot;:true},&quot;mobile_extra&quot;:{&quot;label&quot;:&quot;M\\u00f3vil horizontal&quot;,&quot;value&quot;:880,&quot;default_value&quot;:880,&quot;direction&quot;:&quot;max&quot;,&quot;is_enabled&quot;:false},&quot;tablet&quot;:{&quot;label&quot;:&quot;Tableta vertical&quot;,&quot;value&quot;:1024,&quot;default_value&quot;:1024,&quot;direction&quot;:&quot;max&quot;,&quot;is_enabled&quot;:true},&quot;tablet_extra&quot;:{&quot;label&quot;:&quot;Tableta horizontal&quot;,&quot;value&quot;:1200,&quot;default_value&quot;:1200,&quot;direction&quot;:&quot;max&quot;,&quot;is_enabled&quot;:false},&quot;laptop&quot;:{&quot;label&quot;:&quot;Port\\u00e1til&quot;,&quot;value&quot;:1366,&quot;default_value&quot;:1366,&quot;direction&quot;:&quot;max&quot;,&quot;is_enabled&quot;:false},&quot;widescreen&quot;:{&quot;label&quot;:&quot;Pantalla grande&quot;,&quot;value&quot;:2400,&quot;default_value&quot;:2400,&quot;direction&quot;:&quot;min&quot;,&quot;is_enabled&quot;:false}}\" data-default_control_key=\"0\" data-custom_default_control=\"\">\n                        <div class=\"fg-layout-3-filters-wrap\">\n                <div class=\"fg-filter-wrap\">\n                    <button id=\"fg-filter-trigger\" class=\"fg-filter-trigger\">\n                        <span>\n                            Todos                        <\/span>\n                        <i class=\"fas fa-angle-down\"><\/i>\n                    <\/button>\n                    <ul class=\"fg-layout-3-filter-controls\">\n                                                    <li class=\"control  active \" data-filter=\"*\">Todos<\/li>\n                                                \n                                                    <li  class=\"control \" data-filter=\".eael-cf-gallery-item\">Gallery Item<\/li>\n                                            <\/ul>\n                <\/div>\n\n                <form class=\"fg-layout-3-search-box\" id=\"fg-layout-3-search-box\" autocomplete=\"off\">\n                    <input type=\"text\" id=\"fg-search-box-input\" name=\"fg-frontend-search\" placeholder=\"Buscar convenio...\" \/>\n                <\/form>\n\n            <\/div>\n                    <div class=\"eael-filter-gallery-container eael-filter-gallery-grid\" data-images-per-page=\"\" data-total-gallery-items=\"1\" data-nomore-item-text=\"\" data-is-randomize=\"no\" data-settings=\"{&quot;grid_style&quot;:&quot;grid&quot;,&quot;popup&quot;:&quot;buttons&quot;,&quot;duration&quot;:500,&quot;gallery_enabled&quot;:&quot;yes&quot;,&quot;video_gallery_yt_privacy&quot;:&quot;&quot;,&quot;control_all_text&quot;:&quot;Todos&quot;,&quot;post_id&quot;:629,&quot;widget_id&quot;:&quot;253a6a51&quot;}\" data-search-all=\"\" data-gallery-items=\"WyI8ZGl2IGNsYXNzPVwiZWFlbC1maWx0ZXJhYmxlLWdhbGxlcnktaXRlbS13cmFwIGVhZWwtY2YtdmlzYW4tam95ZXJvc1wiIGRhdGEtc2VhcmNoLWtleT1cInZpc2FuLWpveWVyb3NcIj48ZGl2IGNsYXNzPVwiZmctbGF5b3V0LTMtaXRlbSBlYWVsLWdhbGxlcnktZ3JpZC1pdGVtXCI+PGRpdiBjbGFzcz1cImdhbGxlcnktaXRlbS10aHVtYm5haWwtd3JhcCBmZy1sYXlvdXQtMy1pdGVtLXRodW1iXCI+PGltZyBzcmM9XCJodHRwczpcL1wvd3d3LmZlcXNhLmNvbS5jb1wvc2l0ZVwvd3AtY29udGVudFwvdXBsb2Fkc1wvMjAyM1wvMTBcL1ZJU0FOLmpwZ1wiIGRhdGEtbGF6eS1zcmM9XCJodHRwczpcL1wvd3d3LmZlcXNhLmNvbS5jb1wvc2l0ZVwvd3AtY29udGVudFwvdXBsb2Fkc1wvMjAyM1wvMTBcL1ZJU0FOLmpwZ1wiIGFsdD1cIlZJU0FOIEpPWUVST1NcIiBjbGFzcz1cImdhbGxlcnktaXRlbS10aHVtYm5haWxcIj48ZGl2IGNsYXNzPVwiZ2FsbGVyeS1pdGVtLWNhcHRpb24td3JhcCBjYXJkLWhvdmVyLWJnIGNhcHRpb24tc3R5bGUtaG92ZXJlclwiPjxkaXYgY2xhc3M9XCJmZy1jYXB0aW9uLWhlYWRcIj48XC9kaXY+PGRpdiBjbGFzcz1cImdhbGxlcnktaXRlbS1idXR0b25zXCI+ICAgICAgICAgICAgICAgIDxhIGhyZWY9XCJcIiBhcmlhLWxhYmVsPVwiZWFlbC1pdGVtLW1heWJlLWxpbmtcIj4gPHNwYW4gY2xhc3M9XCJmZy1pdGVtLWljb24taW5uZXJcIj48aSBjbGFzcz1cImZhcyBmYS1saW5rXCIgYXJpYS1oaWRkZW49XCJ0cnVlXCI+PFwvaT48XC9zcGFuPjxcL2E+PFwvZGl2PjxcL2Rpdj48XC9kaXY+PGRpdiBjbGFzcz1cImZnLWxheW91dC0zLWl0ZW0tY29udGVudFwiPjxoMiBjbGFzcz1cImZnLWl0ZW0tdGl0bGVcIj5WSVNBTiBKT1lFUk9TPFwvaDI+PGRpdiBjbGFzcz1cImZnLWl0ZW0tY29udGVudFwiPjxwPjxzcGFuIHN0eWxlPVwiY29sb3I6ICMwMDAwMDA7XCI+PGVtPkVsZWdhbmNpYSB5IGFydGUgZW4gY2FkYSBqb3lhLCBkaXNlXHUwMGYxYWRhcyBwYXJhIHJlc2FsdGFyIHR1IGVzdGlsbyBcdTAwZmFuaWNvLjxcL2VtPjxcL3NwYW4+PFwvcD5cbjxwPjxzcGFuIHN0eWxlPVwiY29sb3I6ICMwMDAwMDA7XCI+PGVtPkphbmV0aCBTXHUwMGUxbmNoZXouPFwvZW0+PFwvc3Bhbj48XC9wPlxuPHA+PHNwYW4gc3R5bGU9XCJjb2xvcjogIzAwMDAwMDtcIj48ZW0+PGEgc3R5bGU9XCJjb2xvcjogIzAwMDAwMDtcIiBocmVmPVwiaHR0cHM6XC9cL3d3dy5mZXFzYS5jb20uY29cL3NpdGVcL3dwLWNvbnRlbnRcL3VwbG9hZHNcLzIwMjJcLzA4XC9WSVNBTi1KT1lFUk9TLnBuZ1wiPk1cdTAwZTFzIGluZm9ybWFjaVx1MDBmM248XC9hPjxcL2VtPjxcL3NwYW4+PFwvcD5cbjxcL2Rpdj48XC9kaXY+PFwvZGl2PjxcL2Rpdj4iXQ==\" data-init-show=\"20\">\n            <div class=\"eael-filterable-gallery-item-wrap eael-cf-visan-joyeros\" data-search-key=\"visan-joyeros\"><div class=\"fg-layout-3-item eael-gallery-grid-item\"><div class=\"gallery-item-thumbnail-wrap fg-layout-3-item-thumb\"><img decoding=\"async\" src=\"https:\/\/www.feqsa.com.co\/site\/wp-content\/uploads\/2023\/10\/VISAN.jpg\" data-lazy-src=\"https:\/\/www.feqsa.com.co\/site\/wp-content\/uploads\/2023\/10\/VISAN.jpg\" alt=\"VISAN JOYEROS\" class=\"gallery-item-thumbnail\"><div class=\"gallery-item-caption-wrap card-hover-bg caption-style-hoverer\"><div class=\"fg-caption-head\"><\/div><div class=\"gallery-item-buttons\">                <a href=\"\" aria-label=\"eael-item-maybe-link\"> <span class=\"fg-item-icon-inner\"><i class=\"fas fa-link\" aria-hidden=\"true\"><\/i><\/span><\/a><\/div><\/div><\/div><div class=\"fg-layout-3-item-content\"><h2 class=\"fg-item-title\">VISAN JOYEROS<\/h2><div class=\"fg-item-content\"><p><span style=\"color: #000000;\"><em>Elegancia y arte en cada joya, dise\u00f1adas para resaltar tu estilo \u00fanico.<\/em><\/span><\/p>\n<p><span style=\"color: #000000;\"><em>Janeth S\u00e1nchez.<\/em><\/span><\/p>\n<p><span style=\"color: #000000;\"><em><a style=\"color: #000000;\" href=\"https:\/\/www.feqsa.com.co\/site\/wp-content\/uploads\/2022\/08\/VISAN-JOYEROS.png\">M\u00e1s informaci\u00f3n<\/a><\/em><\/span><\/p>\n<\/div><\/div><\/div><\/div>            <div id=\"eael-fg-no-items-found\" style=\"display:none;\">\n                No se han encontrado elementos            <\/div>\n                    <\/div>\n                <\/div>\n        \n        \t\t\t\t<\/div>\n\t\t\t\t<\/div>\n\t\t\t\t\t<\/div>\n\t\t<\/div>\n\t\t\t\t\t<\/div>\n\t\t<\/section>\n\t\t\t\t<\/div>\n\t\t","protected":false},"excerpt":{"rendered":"<p>Todos Todos Gallery Item VISAN JOYEROS Elegancia y arte en cada joya, dise\u00f1adas para resaltar tu estilo \u00fanico. Janeth S\u00e1nchez. M\u00e1s informaci\u00f3n No se han encontrado elementos<\/p>\n","protected":false},"author":2,"featured_media":0,"parent":28,"menu_order":0,"comment_status":"closed","ping_status":"closed","template":"","meta":{"footnotes":""},"class_list":["post-629","page","type-page","status-publish","hentry"],"yoast_head":"<!-- This site is optimized with the Yoast SEO plugin v26.7 - https:\/\/yoast.com\/wordpress\/plugins\/seo\/ -->\n<title>Joyer\u00eda y accesorios - Feqsa<\/title>\n<meta name=\"robots\" content=\"index, follow, max-snippet:-1, max-image-preview:large, max-video-preview:-1\" \/>\n<link rel=\"canonical\" href=\"https:\/\/www.feqsa.com.co\/site\/convenios\/joyeria-y-accesorios\/\" \/>\n<meta property=\"og:locale\" content=\"es_ES\" \/>\n<meta property=\"og:type\" content=\"article\" \/>\n<meta property=\"og:title\" content=\"Joyer\u00eda y accesorios - Feqsa\" \/>\n<meta property=\"og:description\" content=\"Todos Todos Gallery Item VISAN JOYEROS Elegancia y arte en cada joya, dise\u00f1adas para resaltar tu estilo \u00fanico. Janeth S\u00e1nchez. M\u00e1s informaci\u00f3n No se han encontrado elementos\" \/>\n<meta property=\"og:url\" content=\"https:\/\/www.feqsa.com.co\/site\/convenios\/joyeria-y-accesorios\/\" \/>\n<meta property=\"og:site_name\" content=\"Feqsa\" \/>\n<meta property=\"article:modified_time\" content=\"2026-04-09T15:21:47+00:00\" \/>\n<meta property=\"og:image\" content=\"https:\/\/www.feqsa.com.co\/site\/wp-content\/uploads\/2023\/10\/VISAN.jpg\" \/>\n<meta name=\"twitter:card\" content=\"summary_large_image\" \/>\n<meta name=\"twitter:label1\" content=\"Tiempo de lectura\" \/>\n\t<meta name=\"twitter:data1\" content=\"1 minuto\" \/>\n<script type=\"application\/ld+json\" class=\"yoast-schema-graph\">{\"@context\":\"https:\/\/schema.org\",\"@graph\":[{\"@type\":\"WebPage\",\"@id\":\"https:\/\/www.feqsa.com.co\/site\/convenios\/joyeria-y-accesorios\/\",\"url\":\"https:\/\/www.feqsa.com.co\/site\/convenios\/joyeria-y-accesorios\/\",\"name\":\"Joyer\u00eda y accesorios - Feqsa\",\"isPartOf\":{\"@id\":\"https:\/\/www.feqsa.com.co\/site\/#website\"},\"primaryImageOfPage\":{\"@id\":\"https:\/\/www.feqsa.com.co\/site\/convenios\/joyeria-y-accesorios\/#primaryimage\"},\"image\":{\"@id\":\"https:\/\/www.feqsa.com.co\/site\/convenios\/joyeria-y-accesorios\/#primaryimage\"},\"thumbnailUrl\":\"https:\/\/www.feqsa.com.co\/site\/wp-content\/uploads\/2023\/10\/VISAN.jpg\",\"datePublished\":\"2022-08-25T18:57:56+00:00\",\"dateModified\":\"2026-04-09T15:21:47+00:00\",\"breadcrumb\":{\"@id\":\"https:\/\/www.feqsa.com.co\/site\/convenios\/joyeria-y-accesorios\/#breadcrumb\"},\"inLanguage\":\"es\",\"potentialAction\":[{\"@type\":\"ReadAction\",\"target\":[\"https:\/\/www.feqsa.com.co\/site\/convenios\/joyeria-y-accesorios\/\"]}]},{\"@type\":\"ImageObject\",\"inLanguage\":\"es\",\"@id\":\"https:\/\/www.feqsa.com.co\/site\/convenios\/joyeria-y-accesorios\/#primaryimage\",\"url\":\"https:\/\/www.feqsa.com.co\/site\/wp-content\/uploads\/2023\/10\/VISAN.jpg\",\"contentUrl\":\"https:\/\/www.feqsa.com.co\/site\/wp-content\/uploads\/2023\/10\/VISAN.jpg\",\"width\":500,\"height\":500},{\"@type\":\"BreadcrumbList\",\"@id\":\"https:\/\/www.feqsa.com.co\/site\/convenios\/joyeria-y-accesorios\/#breadcrumb\",\"itemListElement\":[{\"@type\":\"ListItem\",\"position\":1,\"name\":\"Portada\",\"item\":\"https:\/\/www.feqsa.com.co\/site\/\"},{\"@type\":\"ListItem\",\"position\":2,\"name\":\"Convenios\",\"item\":\"https:\/\/www.feqsa.com.co\/site\/convenios\/\"},{\"@type\":\"ListItem\",\"position\":3,\"name\":\"Joyer\u00eda y accesorios\"}]},{\"@type\":\"WebSite\",\"@id\":\"https:\/\/www.feqsa.com.co\/site\/#website\",\"url\":\"https:\/\/www.feqsa.com.co\/site\/\",\"name\":\"Feqsa\",\"description\":\"Fondo de Empleados Quala\",\"publisher\":{\"@id\":\"https:\/\/www.feqsa.com.co\/site\/#organization\"},\"potentialAction\":[{\"@type\":\"SearchAction\",\"target\":{\"@type\":\"EntryPoint\",\"urlTemplate\":\"https:\/\/www.feqsa.com.co\/site\/?s={search_term_string}\"},\"query-input\":{\"@type\":\"PropertyValueSpecification\",\"valueRequired\":true,\"valueName\":\"search_term_string\"}}],\"inLanguage\":\"es\"},{\"@type\":\"Organization\",\"@id\":\"https:\/\/www.feqsa.com.co\/site\/#organization\",\"name\":\"FEQSA - Fondo de Empleados de Quala\",\"url\":\"https:\/\/www.feqsa.com.co\/site\/\",\"logo\":{\"@type\":\"ImageObject\",\"inLanguage\":\"es\",\"@id\":\"https:\/\/www.feqsa.com.co\/site\/#\/schema\/logo\/image\/\",\"url\":\"https:\/\/www.feqsa.com.co\/site\/wp-content\/uploads\/2022\/07\/FEQSA.png\",\"contentUrl\":\"https:\/\/www.feqsa.com.co\/site\/wp-content\/uploads\/2022\/07\/FEQSA.png\",\"width\":436,\"height\":150,\"caption\":\"FEQSA - Fondo de Empleados de Quala\"},\"image\":{\"@id\":\"https:\/\/www.feqsa.com.co\/site\/#\/schema\/logo\/image\/\"}}]}<\/script>\n<!-- \/ Yoast SEO plugin. -->","yoast_head_json":{"title":"Joyer\u00eda y accesorios - Feqsa","robots":{"index":"index","follow":"follow","max-snippet":"max-snippet:-1","max-image-preview":"max-image-preview:large","max-video-preview":"max-video-preview:-1"},"canonical":"https:\/\/www.feqsa.com.co\/site\/convenios\/joyeria-y-accesorios\/","og_locale":"es_ES","og_type":"article","og_title":"Joyer\u00eda y accesorios - Feqsa","og_description":"Todos Todos Gallery Item VISAN JOYEROS Elegancia y arte en cada joya, dise\u00f1adas para resaltar tu estilo \u00fanico. Janeth S\u00e1nchez. M\u00e1s informaci\u00f3n No se han encontrado elementos","og_url":"https:\/\/www.feqsa.com.co\/site\/convenios\/joyeria-y-accesorios\/","og_site_name":"Feqsa","article_modified_time":"2026-04-09T15:21:47+00:00","og_image":[{"url":"https:\/\/www.feqsa.com.co\/site\/wp-content\/uploads\/2023\/10\/VISAN.jpg","type":"","width":"","height":""}],"twitter_card":"summary_large_image","twitter_misc":{"Tiempo de lectura":"1 minuto"},"schema":{"@context":"https:\/\/schema.org","@graph":[{"@type":"WebPage","@id":"https:\/\/www.feqsa.com.co\/site\/convenios\/joyeria-y-accesorios\/","url":"https:\/\/www.feqsa.com.co\/site\/convenios\/joyeria-y-accesorios\/","name":"Joyer\u00eda y accesorios - Feqsa","isPartOf":{"@id":"https:\/\/www.feqsa.com.co\/site\/#website"},"primaryImageOfPage":{"@id":"https:\/\/www.feqsa.com.co\/site\/convenios\/joyeria-y-accesorios\/#primaryimage"},"image":{"@id":"https:\/\/www.feqsa.com.co\/site\/convenios\/joyeria-y-accesorios\/#primaryimage"},"thumbnailUrl":"https:\/\/www.feqsa.com.co\/site\/wp-content\/uploads\/2023\/10\/VISAN.jpg","datePublished":"2022-08-25T18:57:56+00:00","dateModified":"2026-04-09T15:21:47+00:00","breadcrumb":{"@id":"https:\/\/www.feqsa.com.co\/site\/convenios\/joyeria-y-accesorios\/#breadcrumb"},"inLanguage":"es","potentialAction":[{"@type":"ReadAction","target":["https:\/\/www.feqsa.com.co\/site\/convenios\/joyeria-y-accesorios\/"]}]},{"@type":"ImageObject","inLanguage":"es","@id":"https:\/\/www.feqsa.com.co\/site\/convenios\/joyeria-y-accesorios\/#primaryimage","url":"https:\/\/www.feqsa.com.co\/site\/wp-content\/uploads\/2023\/10\/VISAN.jpg","contentUrl":"https:\/\/www.feqsa.com.co\/site\/wp-content\/uploads\/2023\/10\/VISAN.jpg","width":500,"height":500},{"@type":"BreadcrumbList","@id":"https:\/\/www.feqsa.com.co\/site\/convenios\/joyeria-y-accesorios\/#breadcrumb","itemListElement":[{"@type":"ListItem","position":1,"name":"Portada","item":"https:\/\/www.feqsa.com.co\/site\/"},{"@type":"ListItem","position":2,"name":"Convenios","item":"https:\/\/www.feqsa.com.co\/site\/convenios\/"},{"@type":"ListItem","position":3,"name":"Joyer\u00eda y accesorios"}]},{"@type":"WebSite","@id":"https:\/\/www.feqsa.com.co\/site\/#website","url":"https:\/\/www.feqsa.com.co\/site\/","name":"Feqsa","description":"Fondo de Empleados Quala","publisher":{"@id":"https:\/\/www.feqsa.com.co\/site\/#organization"},"potentialAction":[{"@type":"SearchAction","target":{"@type":"EntryPoint","urlTemplate":"https:\/\/www.feqsa.com.co\/site\/?s={search_term_string}"},"query-input":{"@type":"PropertyValueSpecification","valueRequired":true,"valueName":"search_term_string"}}],"inLanguage":"es"},{"@type":"Organization","@id":"https:\/\/www.feqsa.com.co\/site\/#organization","name":"FEQSA - Fondo de Empleados de Quala","url":"https:\/\/www.feqsa.com.co\/site\/","logo":{"@type":"ImageObject","inLanguage":"es","@id":"https:\/\/www.feqsa.com.co\/site\/#\/schema\/logo\/image\/","url":"https:\/\/www.feqsa.com.co\/site\/wp-content\/uploads\/2022\/07\/FEQSA.png","contentUrl":"https:\/\/www.feqsa.com.co\/site\/wp-content\/uploads\/2022\/07\/FEQSA.png","width":436,"height":150,"caption":"FEQSA - Fondo de Empleados de Quala"},"image":{"@id":"https:\/\/www.feqsa.com.co\/site\/#\/schema\/logo\/image\/"}}]}},"jetpack_sharing_enabled":true,"_links":{"self":[{"href":"https:\/\/www.feqsa.com.co\/site\/wp-json\/wp\/v2\/pages\/629","targetHints":{"allow":["GET"]}}],"collection":[{"href":"https:\/\/www.feqsa.com.co\/site\/wp-json\/wp\/v2\/pages"}],"about":[{"href":"https:\/\/www.feqsa.com.co\/site\/wp-json\/wp\/v2\/types\/page"}],"author":[{"embeddable":true,"href":"https:\/\/www.feqsa.com.co\/site\/wp-json\/wp\/v2\/users\/2"}],"replies":[{"embeddable":true,"href":"https:\/\/www.feqsa.com.co\/site\/wp-json\/wp\/v2\/comments?post=629"}],"version-history":[{"count":22,"href":"https:\/\/www.feqsa.com.co\/site\/wp-json\/wp\/v2\/pages\/629\/revisions"}],"predecessor-version":[{"id":2143,"href":"https:\/\/www.feqsa.com.co\/site\/wp-json\/wp\/v2\/pages\/629\/revisions\/2143"}],"up":[{"embeddable":true,"href":"https:\/\/www.feqsa.com.co\/site\/wp-json\/wp\/v2\/pages\/28"}],"wp:attachment":[{"href":"https:\/\/www.feqsa.com.co\/site\/wp-json\/wp\/v2\/media?parent=629"}],"curies":[{"name":"wp","href":"https:\/\/api.w.org\/{rel}","templated":true}]}}