{"id":633,"date":"2022-08-25T18:58:56","date_gmt":"2022-08-25T18:58:56","guid":{"rendered":"https:\/\/www.feqsa.com.co\/site\/?page_id=633"},"modified":"2026-04-09T15:19:45","modified_gmt":"2026-04-09T15:19:45","slug":"deportes","status":"publish","type":"page","link":"https:\/\/www.feqsa.com.co\/site\/convenios\/deportes\/","title":{"rendered":"Deportes"},"content":{"rendered":"\t\t<div data-elementor-type=\"wp-page\" data-elementor-id=\"633\" class=\"elementor elementor-633\" data-elementor-settings=\"{&quot;ha_cmc_init_switcher&quot;:&quot;no&quot;}\">\n\t\t\t\t\t\t<section class=\"elementor-section elementor-top-section elementor-element elementor-element-7f149b6f elementor-section-boxed elementor-section-height-default elementor-section-height-default\" data-id=\"7f149b6f\" data-element_type=\"section\" data-settings=\"{&quot;background_background&quot;:&quot;classic&quot;,&quot;_ha_eqh_enable&quot;:false}\">\n\t\t\t\t\t\t<div class=\"elementor-container elementor-column-gap-default\">\n\t\t\t\t\t<div class=\"elementor-column elementor-col-100 elementor-top-column elementor-element elementor-element-d661be8\" data-id=\"d661be8\" data-element_type=\"column\">\n\t\t\t<div class=\"elementor-widget-wrap elementor-element-populated\">\n\t\t\t\t\t\t<div class=\"elementor-element elementor-element-5499ca61 eael-fg-card-content-align-left elementor-widget elementor-widget-eael-filterable-gallery\" data-id=\"5499ca61\" data-element_type=\"widget\" data-settings=\"{&quot;photo_gallery&quot;:&quot;yes&quot;}\" data-widget_type=\"eael-filterable-gallery.default\">\n\t\t\t\t<div class=\"elementor-widget-container\">\n\t\t\t\t\t<style id=\"eael-fg-inline-css-5499ca61\">@media only screen and (max-width: 2399px) {\n\t\t\t\t\t.elementor-element.elementor-element-5499ca61 .eael-filterable-gallery-item-wrap {\n\t\t\t\t\t        width: 25%;\n\t\t\t\t\t    }\n\t\t\t\t\t}@media only screen and (max-width: 1024px) {\n\t\t\t\t\t.elementor-element.elementor-element-5499ca61  .eael-filterable-gallery-item-wrap {\n\t\t\t\t\t        width: 50%;\n\t\t\t\t\t    }\n\t\t\t\t\t}@media only screen and (max-width: 767px) {\n\t\t\t\t\t.elementor-element.elementor-element-5499ca61  .eael-filterable-gallery-item-wrap {\n\t\t\t\t\t        width: 100%;\n\t\t\t\t\t    }\n\t\t\t\t\t}<\/style>        <div id=\"eael-filter-gallery-wrapper-5499ca61\" class=\"eael-filter-gallery-wrapper\" data-layout-mode=\"layout_3\" data-breakpoints=\"{&quot;mobile&quot;:{&quot;label&quot;:&quot;M\\u00f3vil vertical&quot;,&quot;value&quot;:767,&quot;default_value&quot;:767,&quot;direction&quot;:&quot;max&quot;,&quot;is_enabled&quot;:true},&quot;mobile_extra&quot;:{&quot;label&quot;:&quot;M\\u00f3vil horizontal&quot;,&quot;value&quot;:880,&quot;default_value&quot;:880,&quot;direction&quot;:&quot;max&quot;,&quot;is_enabled&quot;:false},&quot;tablet&quot;:{&quot;label&quot;:&quot;Tableta vertical&quot;,&quot;value&quot;:1024,&quot;default_value&quot;:1024,&quot;direction&quot;:&quot;max&quot;,&quot;is_enabled&quot;:true},&quot;tablet_extra&quot;:{&quot;label&quot;:&quot;Tableta horizontal&quot;,&quot;value&quot;:1200,&quot;default_value&quot;:1200,&quot;direction&quot;:&quot;max&quot;,&quot;is_enabled&quot;:false},&quot;laptop&quot;:{&quot;label&quot;:&quot;Port\\u00e1til&quot;,&quot;value&quot;:1366,&quot;default_value&quot;:1366,&quot;direction&quot;:&quot;max&quot;,&quot;is_enabled&quot;:false},&quot;widescreen&quot;:{&quot;label&quot;:&quot;Pantalla grande&quot;,&quot;value&quot;:2400,&quot;default_value&quot;:2400,&quot;direction&quot;:&quot;min&quot;,&quot;is_enabled&quot;:false}}\" data-default_control_key=\"0\" data-custom_default_control=\"\">\n                        <div class=\"fg-layout-3-filters-wrap\">\n                <div class=\"fg-filter-wrap\">\n                    <button id=\"fg-filter-trigger\" class=\"fg-filter-trigger\">\n                        <span>\n                            Todos                        <\/span>\n                        <i class=\"fas fa-angle-down\"><\/i>\n                    <\/button>\n                    <ul class=\"fg-layout-3-filter-controls\">\n                                                    <li class=\"control  active \" data-filter=\"*\">Todos<\/li>\n                                                \n                                                    <li  class=\"control \" data-filter=\".eael-cf-gallery-item\">Gallery Item<\/li>\n                                            <\/ul>\n                <\/div>\n\n                <form class=\"fg-layout-3-search-box\" id=\"fg-layout-3-search-box\" autocomplete=\"off\">\n                    <input type=\"text\" id=\"fg-search-box-input\" name=\"fg-frontend-search\" placeholder=\"Buscar convenio...\" \/>\n                <\/form>\n\n            <\/div>\n                    <div class=\"eael-filter-gallery-container eael-filter-gallery-grid\" data-images-per-page=\"\" data-total-gallery-items=\"1\" data-nomore-item-text=\"\" data-is-randomize=\"no\" data-settings=\"{&quot;grid_style&quot;:&quot;grid&quot;,&quot;popup&quot;:&quot;buttons&quot;,&quot;duration&quot;:500,&quot;gallery_enabled&quot;:&quot;yes&quot;,&quot;video_gallery_yt_privacy&quot;:&quot;&quot;,&quot;control_all_text&quot;:&quot;Todos&quot;,&quot;post_id&quot;:633,&quot;widget_id&quot;:&quot;5499ca61&quot;}\" data-search-all=\"\" data-gallery-items=\"WyI8ZGl2IGNsYXNzPVwiZWFlbC1maWx0ZXJhYmxlLWdhbGxlcnktaXRlbS13cmFwIGVhZWwtY2YtYm9keXRlY2hcIiBkYXRhLXNlYXJjaC1rZXk9XCJib2R5dGVjaFwiPjxkaXYgY2xhc3M9XCJmZy1sYXlvdXQtMy1pdGVtIGVhZWwtZ2FsbGVyeS1ncmlkLWl0ZW1cIj48YSBhcmVhLWhpZGRlbj1cInRydWVcIiBocmVmPVwiaHR0cHM6XC9cL3d3dy5mZXFzYS5jb20uY29cL3NpdGVcL3dwLWNvbnRlbnRcL3VwbG9hZHNcLzIwMjJcLzA4XC9CT0RZVEVDSC5qcGdcIiBjbGFzcz1cImVhZWwtbWFnbmlmaWMtbGluayBlYWVsLW1hZ25pZmljLWxpbmstY2xvbmUgYWN0aXZlIG1lZGlhLWNvbnRlbnQtd3JhcCBhY3RpdmVcIiBkYXRhLWVsZW1lbnRvci1vcGVuLWxpZ2h0Ym94PVwieWVzXCIgdGl0bGU9XCJCT0RZVEVDSFwiPjxkaXYgY2xhc3M9XCJnYWxsZXJ5LWl0ZW0tdGh1bWJuYWlsLXdyYXAgZmctbGF5b3V0LTMtaXRlbS10aHVtYlwiPjxpbWcgc3JjPVwiaHR0cHM6XC9cL3d3dy5mZXFzYS5jb20uY29cL3NpdGVcL3dwLWNvbnRlbnRcL3VwbG9hZHNcLzIwMjJcLzA4XC9CT0RZVEVDSC5qcGdcIiBkYXRhLWxhenktc3JjPVwiaHR0cHM6XC9cL3d3dy5mZXFzYS5jb20uY29cL3NpdGVcL3dwLWNvbnRlbnRcL3VwbG9hZHNcLzIwMjJcLzA4XC9CT0RZVEVDSC5qcGdcIiBhbHQ9XCJCT0RZVEVDSFwiIGNsYXNzPVwiZ2FsbGVyeS1pdGVtLXRodW1ibmFpbFwiPjxkaXYgY2xhc3M9XCJnYWxsZXJ5LWl0ZW0tY2FwdGlvbi13cmFwIGNhcmQtaG92ZXItYmcgY2FwdGlvbi1zdHlsZS1ob3ZlcmVyXCI+PGRpdiBjbGFzcz1cImZnLWNhcHRpb24taGVhZFwiPjxcL2Rpdj48XC9kaXY+PFwvZGl2PjxcL2E+PGRpdiBjbGFzcz1cImZnLWxheW91dC0zLWl0ZW0tY29udGVudFwiPjxoMiBjbGFzcz1cImZnLWl0ZW0tdGl0bGVcIj5CT0RZVEVDSDxcL2gyPjxkaXYgY2xhc3M9XCJmZy1pdGVtLWNvbnRlbnRcIj48cD48c3BhbiBzdHlsZT1cImNvbG9yOiAjMDAwMDAwO1wiPjxlbT5NXHUwMGUxcyBxdWUgdW4gZ2ltbmFzaW8sIHVuIGNsdWIgbVx1MDBlOWRpY28gZGVwb3J0aXZvIHBhcmEgdHUgYmllbmVzdGFyIHkgcmVuZGltaWVudG8uPFwvZW0+PFwvc3Bhbj48XC9wPlxuPHA+PHNwYW4gc3R5bGU9XCJjb2xvcjogIzAwMDAwMDtcIj48ZW0+PGEgc3R5bGU9XCJjb2xvcjogIzAwMDAwMDtcIiBocmVmPVwiaHR0cHM6XC9cL2JvZHl0ZWNoLmNvbS5jb1wvXCI+TVx1MDBlMXMgaW5mb3JtYWNpXHUwMGYzbi48XC9hPjxcL2VtPjxcL3NwYW4+PFwvcD5cbjxcL2Rpdj48XC9kaXY+PFwvZGl2PjxcL2Rpdj4iXQ==\" data-init-show=\"20\">\n            <div class=\"eael-filterable-gallery-item-wrap eael-cf-bodytech\" data-search-key=\"bodytech\"><div class=\"fg-layout-3-item eael-gallery-grid-item\"><a area-hidden=\"true\" href=\"https:\/\/www.feqsa.com.co\/site\/wp-content\/uploads\/2022\/08\/BODYTECH.jpg\" class=\"eael-magnific-link eael-magnific-link-clone active media-content-wrap active\" data-elementor-open-lightbox=\"yes\" title=\"BODYTECH\"><div class=\"gallery-item-thumbnail-wrap fg-layout-3-item-thumb\"><img decoding=\"async\" src=\"https:\/\/www.feqsa.com.co\/site\/wp-content\/uploads\/2022\/08\/BODYTECH.jpg\" data-lazy-src=\"https:\/\/www.feqsa.com.co\/site\/wp-content\/uploads\/2022\/08\/BODYTECH.jpg\" alt=\"BODYTECH\" class=\"gallery-item-thumbnail\"><div class=\"gallery-item-caption-wrap card-hover-bg caption-style-hoverer\"><div class=\"fg-caption-head\"><\/div><\/div><\/div><\/a><div class=\"fg-layout-3-item-content\"><h2 class=\"fg-item-title\">BODYTECH<\/h2><div class=\"fg-item-content\"><p><span style=\"color: #000000;\"><em>M\u00e1s que un gimnasio, un club m\u00e9dico deportivo para tu bienestar y rendimiento.<\/em><\/span><\/p>\n<p><span style=\"color: #000000;\"><em><a style=\"color: #000000;\" href=\"https:\/\/bodytech.com.co\/\">M\u00e1s informaci\u00f3n.<\/a><\/em><\/span><\/p>\n<\/div><\/div><\/div><\/div>            <div id=\"eael-fg-no-items-found\" style=\"display:none;\">\n                No se han encontrado elementos            <\/div>\n                    <\/div>\n                <\/div>\n        \n        \t\t\t\t<\/div>\n\t\t\t\t<\/div>\n\t\t\t\t\t<\/div>\n\t\t<\/div>\n\t\t\t\t\t<\/div>\n\t\t<\/section>\n\t\t\t\t<\/div>\n\t\t","protected":false},"excerpt":{"rendered":"<p>Todos Todos Gallery Item BODYTECH M\u00e1s que un gimnasio, un club m\u00e9dico deportivo para tu bienestar y rendimiento. M\u00e1s informaci\u00f3n. No se han encontrado elementos<\/p>\n","protected":false},"author":2,"featured_media":0,"parent":28,"menu_order":0,"comment_status":"closed","ping_status":"closed","template":"","meta":{"footnotes":""},"class_list":["post-633","page","type-page","status-publish","hentry"],"yoast_head":"<!-- This site is optimized with the Yoast SEO plugin v26.7 - https:\/\/yoast.com\/wordpress\/plugins\/seo\/ -->\n<title>Deportes - Feqsa<\/title>\n<meta name=\"robots\" content=\"index, follow, max-snippet:-1, max-image-preview:large, max-video-preview:-1\" \/>\n<link rel=\"canonical\" href=\"https:\/\/www.feqsa.com.co\/site\/convenios\/deportes\/\" \/>\n<meta property=\"og:locale\" content=\"es_ES\" \/>\n<meta property=\"og:type\" content=\"article\" \/>\n<meta property=\"og:title\" content=\"Deportes - Feqsa\" \/>\n<meta property=\"og:description\" content=\"Todos Todos Gallery Item BODYTECH M\u00e1s que un gimnasio, un club m\u00e9dico deportivo para tu bienestar y rendimiento. M\u00e1s informaci\u00f3n. No se han encontrado elementos\" \/>\n<meta property=\"og:url\" content=\"https:\/\/www.feqsa.com.co\/site\/convenios\/deportes\/\" \/>\n<meta property=\"og:site_name\" content=\"Feqsa\" \/>\n<meta property=\"article:modified_time\" content=\"2026-04-09T15:19:45+00:00\" \/>\n<meta property=\"og:image\" content=\"https:\/\/www.feqsa.com.co\/site\/wp-content\/uploads\/2022\/08\/BODYTECH.jpg\" \/>\n<meta name=\"twitter:card\" content=\"summary_large_image\" \/>\n<meta name=\"twitter:label1\" content=\"Tiempo de lectura\" \/>\n\t<meta name=\"twitter:data1\" content=\"1 minuto\" \/>\n<script type=\"application\/ld+json\" class=\"yoast-schema-graph\">{\"@context\":\"https:\/\/schema.org\",\"@graph\":[{\"@type\":\"WebPage\",\"@id\":\"https:\/\/www.feqsa.com.co\/site\/convenios\/deportes\/\",\"url\":\"https:\/\/www.feqsa.com.co\/site\/convenios\/deportes\/\",\"name\":\"Deportes - Feqsa\",\"isPartOf\":{\"@id\":\"https:\/\/www.feqsa.com.co\/site\/#website\"},\"primaryImageOfPage\":{\"@id\":\"https:\/\/www.feqsa.com.co\/site\/convenios\/deportes\/#primaryimage\"},\"image\":{\"@id\":\"https:\/\/www.feqsa.com.co\/site\/convenios\/deportes\/#primaryimage\"},\"thumbnailUrl\":\"https:\/\/www.feqsa.com.co\/site\/wp-content\/uploads\/2022\/08\/BODYTECH.jpg\",\"datePublished\":\"2022-08-25T18:58:56+00:00\",\"dateModified\":\"2026-04-09T15:19:45+00:00\",\"breadcrumb\":{\"@id\":\"https:\/\/www.feqsa.com.co\/site\/convenios\/deportes\/#breadcrumb\"},\"inLanguage\":\"es\",\"potentialAction\":[{\"@type\":\"ReadAction\",\"target\":[\"https:\/\/www.feqsa.com.co\/site\/convenios\/deportes\/\"]}]},{\"@type\":\"ImageObject\",\"inLanguage\":\"es\",\"@id\":\"https:\/\/www.feqsa.com.co\/site\/convenios\/deportes\/#primaryimage\",\"url\":\"https:\/\/www.feqsa.com.co\/site\/wp-content\/uploads\/2022\/08\/BODYTECH.jpg\",\"contentUrl\":\"https:\/\/www.feqsa.com.co\/site\/wp-content\/uploads\/2022\/08\/BODYTECH.jpg\",\"width\":500,\"height\":320},{\"@type\":\"BreadcrumbList\",\"@id\":\"https:\/\/www.feqsa.com.co\/site\/convenios\/deportes\/#breadcrumb\",\"itemListElement\":[{\"@type\":\"ListItem\",\"position\":1,\"name\":\"Portada\",\"item\":\"https:\/\/www.feqsa.com.co\/site\/\"},{\"@type\":\"ListItem\",\"position\":2,\"name\":\"Convenios\",\"item\":\"https:\/\/www.feqsa.com.co\/site\/convenios\/\"},{\"@type\":\"ListItem\",\"position\":3,\"name\":\"Deportes\"}]},{\"@type\":\"WebSite\",\"@id\":\"https:\/\/www.feqsa.com.co\/site\/#website\",\"url\":\"https:\/\/www.feqsa.com.co\/site\/\",\"name\":\"Feqsa\",\"description\":\"Fondo de Empleados Quala\",\"publisher\":{\"@id\":\"https:\/\/www.feqsa.com.co\/site\/#organization\"},\"potentialAction\":[{\"@type\":\"SearchAction\",\"target\":{\"@type\":\"EntryPoint\",\"urlTemplate\":\"https:\/\/www.feqsa.com.co\/site\/?s={search_term_string}\"},\"query-input\":{\"@type\":\"PropertyValueSpecification\",\"valueRequired\":true,\"valueName\":\"search_term_string\"}}],\"inLanguage\":\"es\"},{\"@type\":\"Organization\",\"@id\":\"https:\/\/www.feqsa.com.co\/site\/#organization\",\"name\":\"FEQSA - Fondo de Empleados de Quala\",\"url\":\"https:\/\/www.feqsa.com.co\/site\/\",\"logo\":{\"@type\":\"ImageObject\",\"inLanguage\":\"es\",\"@id\":\"https:\/\/www.feqsa.com.co\/site\/#\/schema\/logo\/image\/\",\"url\":\"https:\/\/www.feqsa.com.co\/site\/wp-content\/uploads\/2022\/07\/FEQSA.png\",\"contentUrl\":\"https:\/\/www.feqsa.com.co\/site\/wp-content\/uploads\/2022\/07\/FEQSA.png\",\"width\":436,\"height\":150,\"caption\":\"FEQSA - Fondo de Empleados de Quala\"},\"image\":{\"@id\":\"https:\/\/www.feqsa.com.co\/site\/#\/schema\/logo\/image\/\"}}]}<\/script>\n<!-- \/ Yoast SEO plugin. -->","yoast_head_json":{"title":"Deportes - Feqsa","robots":{"index":"index","follow":"follow","max-snippet":"max-snippet:-1","max-image-preview":"max-image-preview:large","max-video-preview":"max-video-preview:-1"},"canonical":"https:\/\/www.feqsa.com.co\/site\/convenios\/deportes\/","og_locale":"es_ES","og_type":"article","og_title":"Deportes - Feqsa","og_description":"Todos Todos Gallery Item BODYTECH M\u00e1s que un gimnasio, un club m\u00e9dico deportivo para tu bienestar y rendimiento. M\u00e1s informaci\u00f3n. No se han encontrado elementos","og_url":"https:\/\/www.feqsa.com.co\/site\/convenios\/deportes\/","og_site_name":"Feqsa","article_modified_time":"2026-04-09T15:19:45+00:00","og_image":[{"url":"https:\/\/www.feqsa.com.co\/site\/wp-content\/uploads\/2022\/08\/BODYTECH.jpg","type":"","width":"","height":""}],"twitter_card":"summary_large_image","twitter_misc":{"Tiempo de lectura":"1 minuto"},"schema":{"@context":"https:\/\/schema.org","@graph":[{"@type":"WebPage","@id":"https:\/\/www.feqsa.com.co\/site\/convenios\/deportes\/","url":"https:\/\/www.feqsa.com.co\/site\/convenios\/deportes\/","name":"Deportes - Feqsa","isPartOf":{"@id":"https:\/\/www.feqsa.com.co\/site\/#website"},"primaryImageOfPage":{"@id":"https:\/\/www.feqsa.com.co\/site\/convenios\/deportes\/#primaryimage"},"image":{"@id":"https:\/\/www.feqsa.com.co\/site\/convenios\/deportes\/#primaryimage"},"thumbnailUrl":"https:\/\/www.feqsa.com.co\/site\/wp-content\/uploads\/2022\/08\/BODYTECH.jpg","datePublished":"2022-08-25T18:58:56+00:00","dateModified":"2026-04-09T15:19:45+00:00","breadcrumb":{"@id":"https:\/\/www.feqsa.com.co\/site\/convenios\/deportes\/#breadcrumb"},"inLanguage":"es","potentialAction":[{"@type":"ReadAction","target":["https:\/\/www.feqsa.com.co\/site\/convenios\/deportes\/"]}]},{"@type":"ImageObject","inLanguage":"es","@id":"https:\/\/www.feqsa.com.co\/site\/convenios\/deportes\/#primaryimage","url":"https:\/\/www.feqsa.com.co\/site\/wp-content\/uploads\/2022\/08\/BODYTECH.jpg","contentUrl":"https:\/\/www.feqsa.com.co\/site\/wp-content\/uploads\/2022\/08\/BODYTECH.jpg","width":500,"height":320},{"@type":"BreadcrumbList","@id":"https:\/\/www.feqsa.com.co\/site\/convenios\/deportes\/#breadcrumb","itemListElement":[{"@type":"ListItem","position":1,"name":"Portada","item":"https:\/\/www.feqsa.com.co\/site\/"},{"@type":"ListItem","position":2,"name":"Convenios","item":"https:\/\/www.feqsa.com.co\/site\/convenios\/"},{"@type":"ListItem","position":3,"name":"Deportes"}]},{"@type":"WebSite","@id":"https:\/\/www.feqsa.com.co\/site\/#website","url":"https:\/\/www.feqsa.com.co\/site\/","name":"Feqsa","description":"Fondo de Empleados Quala","publisher":{"@id":"https:\/\/www.feqsa.com.co\/site\/#organization"},"potentialAction":[{"@type":"SearchAction","target":{"@type":"EntryPoint","urlTemplate":"https:\/\/www.feqsa.com.co\/site\/?s={search_term_string}"},"query-input":{"@type":"PropertyValueSpecification","valueRequired":true,"valueName":"search_term_string"}}],"inLanguage":"es"},{"@type":"Organization","@id":"https:\/\/www.feqsa.com.co\/site\/#organization","name":"FEQSA - Fondo de Empleados de Quala","url":"https:\/\/www.feqsa.com.co\/site\/","logo":{"@type":"ImageObject","inLanguage":"es","@id":"https:\/\/www.feqsa.com.co\/site\/#\/schema\/logo\/image\/","url":"https:\/\/www.feqsa.com.co\/site\/wp-content\/uploads\/2022\/07\/FEQSA.png","contentUrl":"https:\/\/www.feqsa.com.co\/site\/wp-content\/uploads\/2022\/07\/FEQSA.png","width":436,"height":150,"caption":"FEQSA - Fondo de Empleados de Quala"},"image":{"@id":"https:\/\/www.feqsa.com.co\/site\/#\/schema\/logo\/image\/"}}]}},"jetpack_sharing_enabled":true,"_links":{"self":[{"href":"https:\/\/www.feqsa.com.co\/site\/wp-json\/wp\/v2\/pages\/633","targetHints":{"allow":["GET"]}}],"collection":[{"href":"https:\/\/www.feqsa.com.co\/site\/wp-json\/wp\/v2\/pages"}],"about":[{"href":"https:\/\/www.feqsa.com.co\/site\/wp-json\/wp\/v2\/types\/page"}],"author":[{"embeddable":true,"href":"https:\/\/www.feqsa.com.co\/site\/wp-json\/wp\/v2\/users\/2"}],"replies":[{"embeddable":true,"href":"https:\/\/www.feqsa.com.co\/site\/wp-json\/wp\/v2\/comments?post=633"}],"version-history":[{"count":31,"href":"https:\/\/www.feqsa.com.co\/site\/wp-json\/wp\/v2\/pages\/633\/revisions"}],"predecessor-version":[{"id":2140,"href":"https:\/\/www.feqsa.com.co\/site\/wp-json\/wp\/v2\/pages\/633\/revisions\/2140"}],"up":[{"embeddable":true,"href":"https:\/\/www.feqsa.com.co\/site\/wp-json\/wp\/v2\/pages\/28"}],"wp:attachment":[{"href":"https:\/\/www.feqsa.com.co\/site\/wp-json\/wp\/v2\/media?parent=633"}],"curies":[{"name":"wp","href":"https:\/\/api.w.org\/{rel}","templated":true}]}}