{"id":65,"date":"2019-11-01T16:18:56","date_gmt":"2019-11-01T16:18:56","guid":{"rendered":"https:\/\/www.feqsa.com.co\/site\/?page_id=65"},"modified":"2026-03-04T20:48:01","modified_gmt":"2026-03-04T20:48:01","slug":"asamblea-general","status":"publish","type":"page","link":"https:\/\/www.feqsa.com.co\/site\/asamblea-general\/","title":{"rendered":"Asamblea General"},"content":{"rendered":"\n    <script>\n        jQuery(function($){\n\n            var __dt = $('#wpdmmydls-ac4a793a9bd4ec1983d6b421c83e4305').dataTable({\n                \"dom\": '<\"wpdmdt-toolbar\"lfrB>t<\"wpdmdt-toolbarb\"ip>',\n                responsive: true,\n                \"order\": [[ 0, \"asc\" ]],\n                \"language\": {\n                    \"lengthMenu\": \"Mostrar _MENU_ descargas por p\u00e1gina\",\n                    \"zeroRecords\": \"Nada _START_ a - Lo siento\",\n                    \"info\": \"Mostrando _START_ a _END_ de _TOTAL_ descargas\",\n                    \"infoEmpty\": \"No hay descargas disponibles\",\n                    \"infoFiltered\": \"(filtrado de _MAX_ descargas totales)\",\n                    \"emptyTable\":     \"No hay datos disponibles en la tabla\",\n                    \"infoPostFix\":    \"\",\n                    \"thousands\":      \",\",\n                    \"loadingRecords\": \"Cargando...\",\n                    \"processing\":     \"Procesando...\",\n                    \"search\":         \"Buscar:\",\n                    \"paginate\": {\n                        \"first\":      \"Primero\",\n                        \"last\":       \"\u00daltimo\",\n                        \"next\":       \"Siguiente\",\n                        \"previous\":   \"Anterior\"\n                    },\n                    \"aria\": {\n                        \"sortAscending\":  \" : activar para ordenar columna de forma ascendente\",\n                        \"sortDescending\": \": activar para ordenar columna de forma descendente\"\n                    }\n                },\n                \"iDisplayLength\": 20,\n                \"aLengthMenu\": [[20, 10, 25, 50, -1], [20, 10, 25, 50, \"Todos\"]]\n            });\n\n                    });\n    <\/script>\n<style>\n    .wpdmdt-toolbar {\n        padding: 10px;\n    }\n    .wpdmdt-toolbarb {\n        padding: 5px 10px 10px;\n    }\n    .wpdmdt-toolbar > div {\n        display: inline-block;\n    }\n    table,td,th{\n        border: 0;\n    }\n    #wpdm-all-packages .card{\n        overflow: hidden;\n    }\n    .dataTables_wrapper .table{\n        margin: 0;\n    }\n    #wpdmmydls-ac4a793a9bd4ec1983d6b421c83e4305{\n        border-bottom: 1px solid #dddddd;\n        border-top: 1px solid #dddddd;\n        font-size: 10pt;\n        min-width: 100%;\n    }\n    #wpdmmydls-ac4a793a9bd4ec1983d6b421c83e4305 .wpdm-download-link img{\n        box-shadow: none !important;\n        max-width: 100%;\n    }\n    .w3eden .pagination{\n        margin: 0 !important;\n    }\n    #wpdmmydls-ac4a793a9bd4ec1983d6b421c83e4305 td:not(:first-child){\n        vertical-align: middle !important;\n    }\n    #wpdmmydls-ac4a793a9bd4ec1983d6b421c83e4305 td.__dt_col_download_link .btn{\n        display: flex;\n        width: 100%;\n    }\n    #wpdmmydls-ac4a793a9bd4ec1983d6b421c83e4305 td.__dt_col_download_link,\n    #wpdmmydls-ac4a793a9bd4ec1983d6b421c83e4305 th#download_link{\n        max-width: 155px !important;\n        width: 155px;\n\n    }\n    #wpdmmydls-ac4a793a9bd4ec1983d6b421c83e4305 th{\n        background-color: rgba(0,0,0,0.04);\n        border-bottom: 1px solid rgba(0,0,0,0.025);\n    }\n    #wpdmmydls-ac4a793a9bd4ec1983d6b421c83e4305_length label,\n    #wpdmmydls-ac4a793a9bd4ec1983d6b421c83e4305_filter label{\n        font-weight: 400;\n    }\n    #wpdmmydls-ac4a793a9bd4ec1983d6b421c83e4305_filter input[type=search]{\n        display: inline-block;\n        width: 200px;\n    }\n    #wpdmmydls-ac4a793a9bd4ec1983d6b421c83e4305_length select{\n        display: inline-block;\n        width: 60px;\n    }\n\n    #wpdmmydls-ac4a793a9bd4ec1983d6b421c83e4305 .package-title{\n        color:#36597C;\n        font-size: 11pt;\n        font-weight: 700;\n    }\n    #wpdmmydls-ac4a793a9bd4ec1983d6b421c83e4305 .small-txt{\n        margin-right: 7px;\n    }\n    #wpdmmydls-ac4a793a9bd4ec1983d6b421c83e4305 td{\n        min-width: 150px;\n    }\n\n    #wpdmmydls-ac4a793a9bd4ec1983d6b421c83e4305 td.__dt_col_categories{\n        max-width: 300px;\n    }\n\n    #wpdmmydls-ac4a793a9bd4ec1983d6b421c83e4305 .small-txt,\n    #wpdmmydls-ac4a793a9bd4ec1983d6b421c83e4305 small{\n        font-size: 9pt;\n    }\n    .w3eden .table-striped tbody tr:nth-of-type(2n+1) {\n        background-color: rgba(0,0,0,0.015);\n    }\n    .dataTables_wrapper .dataTables_paginate .paginate_button:active,\n    .dataTables_wrapper .dataTables_paginate .paginate_button:focus,\n    .dataTables_wrapper .dataTables_paginate .paginate_button:hover,\n    .dataTables_wrapper .dataTables_paginate .paginate_button{\n        margin: 0 !important;\n        padding: 0 !important;\n        border: 0 !important;\n        background: transparent !important;\n    }\n\n\n    @media (max-width: 799px) {\n        #wpdmmydls-ac4a793a9bd4ec1983d6b421c83e4305 tr {\n            display: block;\n            border: 3px solid rgba(0,0,0,0.3) !important;\n            margin-bottom: 10px !important;\n            position: relative;\n        }\n        #wpdmmydls-ac4a793a9bd4ec1983d6b421c83e4305 thead{\n            display: none;\n        }\n        #wpdmmydls-ac4a793a9bd4ec1983d6b421c83e4305,\n        #wpdmmydls-ac4a793a9bd4ec1983d6b421c83e4305 td:first-child {\n            border: 0 !important;\n        }\n        #wpdmmydls-ac4a793a9bd4ec1983d6b421c83e4305 td {\n            display: block;\n        }\n        #wpdmmydls-ac4a793a9bd4ec1983d6b421c83e4305 td.__dt_col_download_link {\n            display: block;\n            max-width: 100% !important;\n            width: auto !important;\n\n        }\n    }\n\n\n<\/style>\n<div class=\"w3eden\">\n    <div id=\"wpdm-all-packages\">\n        <table id=\"wpdmmydls-ac4a793a9bd4ec1983d6b421c83e4305\" class=\"table table-striped wpdm-all-packages-table\">\n            <thead>\n            <tr>\n                                <th style=\"\"  id=\"pagelink\" class=\"\">T\u00edtulo<\/th>\n                                <th style=\"\"  id=\"categories\" class=\"hidden-sm hidden-xs\">Categor\u00edas<\/th>\n                                <th style=\"\"  id=\"updatedate\" class=\"hidden-sm hidden-xs\">Fecha de actualizaci\u00f3n<\/th>\n                                <th style=\"\"  id=\"downloadlink\" class=\"hidden-sm hidden-xs\">Descargar<\/th>\n                \n            <\/tr>\n            <\/thead>\n            <tbody>\n            \n                    <tr class=\"__dt_row\">\n                                                <td  class=\"__dt_col_0 __dt_col __dt_col_page_link\" style=\"background-image: url('https:\/\/www.feqsa.com.co\/site\/wp-content\/plugins\/download-manager\/assets\/file-type-icons\/pdf.svg');background-size: 36px;background-position: 5px 8px;background-repeat:  no-repeat;padding-left: 52px;line-height: normal;\">\n                            <a class=\"package-title\" href='https:\/\/www.feqsa.com.co\/site\/download\/certificacion-asociados-habiles-e-inhabiles-2026\/'>Certificaci\u00f3n asociados h\u00e1biles e inh\u00e1biles 2026<\/a><br\/><span class='__dt_file_count small-txt'>1<\/span><span class='__dt_download_count small-txt'><i class=\"far fa-arrow-alt-circle-down\"><\/i> 9 descargas<\/span><div class=\"hidden-md hidden-lg td-mobile\"><\/div>\n\n                        <\/td>\n                                                <td  class=\"__dt_col_1 __dt_col __dt_col_categories\" >\n                            <span class='__dt_categories '><a class='sbyc' href='https:\/\/www.feqsa.com.co\/site\/asamblea-general\/?tax%5Bwpdmcategory%5D=asamblea-general'>Asamblea general<\/a><\/span>\n\n                        <\/td>\n                                                <td  data-order=\"1774310400\"  class=\"__dt_col_2 __dt_col __dt_col_update_date\" >\n                            <span class='__dt_update_date '>marzo 24, 2026<\/span>\n\n                        <\/td>\n                                                <td  class=\"__dt_col_3 __dt_col __dt_col_download_link\" >\n                            <a class='wpdm-download-link download-on-click btn btn-primary ' rel='nofollow' href='#' data-downloadurl=\"https:\/\/www.feqsa.com.co\/site\/download\/certificacion-asociados-habiles-e-inhabiles-2026\/?wpdmdl=2116&refresh=69e013842618c1776292740\">Descargar<\/a>\n\n                        <\/td>\n                        \n                    <\/tr>\n                \n                    <tr class=\"__dt_row\">\n                                                <td  class=\"__dt_col_0 __dt_col __dt_col_page_link\" style=\"background-image: url('https:\/\/www.feqsa.com.co\/site\/wp-content\/plugins\/download-manager\/assets\/file-type-icons\/pdf.svg');background-size: 36px;background-position: 5px 8px;background-repeat:  no-repeat;padding-left: 52px;line-height: normal;\">\n                            <a class=\"package-title\" href='https:\/\/www.feqsa.com.co\/site\/download\/delegados-2026\/'>Delegados 2026.<\/a><br\/><span class='__dt_file_count small-txt'>1<\/span><span class='__dt_download_count small-txt'><i class=\"far fa-arrow-alt-circle-down\"><\/i> 11 descargas<\/span><div class=\"hidden-md hidden-lg td-mobile\"><\/div>\n\n                        <\/td>\n                                                <td  class=\"__dt_col_1 __dt_col __dt_col_categories\" >\n                            <span class='__dt_categories '><a class='sbyc' href='https:\/\/www.feqsa.com.co\/site\/asamblea-general\/?tax%5Bwpdmcategory%5D=asamblea-general'>Asamblea general<\/a><\/span>\n\n                        <\/td>\n                                                <td  data-order=\"1772668800\"  class=\"__dt_col_2 __dt_col __dt_col_update_date\" >\n                            <span class='__dt_update_date '>marzo 5, 2026<\/span>\n\n                        <\/td>\n                                                <td  class=\"__dt_col_3 __dt_col __dt_col_download_link\" >\n                            <a class='wpdm-download-link download-on-click btn btn-primary ' rel='nofollow' href='#' data-downloadurl=\"https:\/\/www.feqsa.com.co\/site\/download\/delegados-2026\/?wpdmdl=2105&refresh=69e0138427fb41776292740\">Descargar<\/a>\n\n                        <\/td>\n                        \n                    <\/tr>\n                \n                    <tr class=\"__dt_row\">\n                                                <td  class=\"__dt_col_0 __dt_col __dt_col_page_link\" style=\"background-image: url('https:\/\/www.feqsa.com.co\/site\/wp-content\/plugins\/download-manager\/assets\/file-type-icons\/pdf.svg');background-size: 36px;background-position: 5px 8px;background-repeat:  no-repeat;padding-left: 52px;line-height: normal;\">\n                            <a class=\"package-title\" href='https:\/\/www.feqsa.com.co\/site\/download\/estados-financieros-2025-2024\/'>Estados Financieros 2025-2024<\/a><br\/><span class='__dt_file_count small-txt'>1<\/span><span class='__dt_download_count small-txt'><i class=\"far fa-arrow-alt-circle-down\"><\/i> 17 descargas<\/span><div class=\"hidden-md hidden-lg td-mobile\"><\/div>\n\n                        <\/td>\n                                                <td  class=\"__dt_col_1 __dt_col __dt_col_categories\" >\n                            <span class='__dt_categories '><a class='sbyc' href='https:\/\/www.feqsa.com.co\/site\/asamblea-general\/?tax%5Bwpdmcategory%5D=asamblea-general'>Asamblea general<\/a><\/span>\n\n                        <\/td>\n                                                <td  data-order=\"1772582400\"  class=\"__dt_col_2 __dt_col __dt_col_update_date\" >\n                            <span class='__dt_update_date '>marzo 4, 2026<\/span>\n\n                        <\/td>\n                                                <td  class=\"__dt_col_3 __dt_col __dt_col_download_link\" >\n                            <a class='wpdm-download-link download-on-click btn btn-primary ' rel='nofollow' href='#' data-downloadurl=\"https:\/\/www.feqsa.com.co\/site\/download\/estados-financieros-2025-2024\/?wpdmdl=2099&refresh=69e01384295bd1776292740\">Descargar<\/a>\n\n                        <\/td>\n                        \n                    <\/tr>\n                \n                    <tr class=\"__dt_row\">\n                                                <td  class=\"__dt_col_0 __dt_col __dt_col_page_link\" style=\"background-image: url('https:\/\/www.feqsa.com.co\/site\/wp-content\/plugins\/download-manager\/assets\/file-type-icons\/pdf.svg');background-size: 36px;background-position: 5px 8px;background-repeat:  no-repeat;padding-left: 52px;line-height: normal;\">\n                            <a class=\"package-title\" href='https:\/\/www.feqsa.com.co\/site\/download\/reglamento-de-asamblea-2026\/'>Reglamento de asamblea 2026.<\/a><br\/><span class='__dt_file_count small-txt'>1<\/span><span class='__dt_download_count small-txt'><i class=\"far fa-arrow-alt-circle-down\"><\/i> 5 descargas<\/span><div class=\"hidden-md hidden-lg td-mobile\"><\/div>\n\n                        <\/td>\n                                                <td  class=\"__dt_col_1 __dt_col __dt_col_categories\" >\n                            <span class='__dt_categories '><a class='sbyc' href='https:\/\/www.feqsa.com.co\/site\/asamblea-general\/?tax%5Bwpdmcategory%5D=asamblea-general'>Asamblea general<\/a><\/span>\n\n                        <\/td>\n                                                <td  data-order=\"1772582400\"  class=\"__dt_col_2 __dt_col __dt_col_update_date\" >\n                            <span class='__dt_update_date '>marzo 4, 2026<\/span>\n\n                        <\/td>\n                                                <td  class=\"__dt_col_3 __dt_col __dt_col_download_link\" >\n                            <a class='wpdm-download-link download-on-click btn btn-primary ' rel='nofollow' href='#' data-downloadurl=\"https:\/\/www.feqsa.com.co\/site\/download\/reglamento-de-asamblea-2026\/?wpdmdl=2098&refresh=69e013842ac9f1776292740\">Descargar<\/a>\n\n                        <\/td>\n                        \n                    <\/tr>\n                \n                    <tr class=\"__dt_row\">\n                                                <td  class=\"__dt_col_0 __dt_col __dt_col_page_link\" style=\"background-image: url('https:\/\/www.feqsa.com.co\/site\/wp-content\/plugins\/download-manager\/assets\/file-type-icons\/pdf.svg');background-size: 36px;background-position: 5px 8px;background-repeat:  no-repeat;padding-left: 52px;line-height: normal;\">\n                            <a class=\"package-title\" href='https:\/\/www.feqsa.com.co\/site\/download\/reforma-de-estatutos-2026\/'>Reforma de Estatutos 2026<\/a><br\/><span class='__dt_file_count small-txt'>1<\/span><span class='__dt_download_count small-txt'><i class=\"far fa-arrow-alt-circle-down\"><\/i> 10 descargas<\/span><div class=\"hidden-md hidden-lg td-mobile\"><\/div>\n\n                        <\/td>\n                                                <td  class=\"__dt_col_1 __dt_col __dt_col_categories\" >\n                            <span class='__dt_categories '><a class='sbyc' href='https:\/\/www.feqsa.com.co\/site\/asamblea-general\/?tax%5Bwpdmcategory%5D=asamblea-general'>Asamblea general<\/a><\/span>\n\n                        <\/td>\n                                                <td  data-order=\"1774396800\"  class=\"__dt_col_2 __dt_col __dt_col_update_date\" >\n                            <span class='__dt_update_date '>marzo 25, 2026<\/span>\n\n                        <\/td>\n                                                <td  class=\"__dt_col_3 __dt_col __dt_col_download_link\" >\n                            <a class='wpdm-download-link download-on-click btn btn-primary ' rel='nofollow' href='#' data-downloadurl=\"https:\/\/www.feqsa.com.co\/site\/download\/reforma-de-estatutos-2026\/?wpdmdl=2097&refresh=69e013842c33d1776292740\">Descargar<\/a>\n\n                        <\/td>\n                        \n                    <\/tr>\n                \n                    <tr class=\"__dt_row\">\n                                                <td  class=\"__dt_col_0 __dt_col __dt_col_page_link\" style=\"background-image: url('https:\/\/www.feqsa.com.co\/site\/wp-content\/plugins\/download-manager\/assets\/file-type-icons\/pdf.svg');background-size: 36px;background-position: 5px 8px;background-repeat:  no-repeat;padding-left: 52px;line-height: normal;\">\n                            <a class=\"package-title\" href='https:\/\/www.feqsa.com.co\/site\/download\/convocatoria-asamblea-2026\/'>Convocatoria Asamblea 2026<\/a><br\/><span class='__dt_file_count small-txt'>1<\/span><span class='__dt_download_count small-txt'><i class=\"far fa-arrow-alt-circle-down\"><\/i> 366 descargas<\/span><div class=\"hidden-md hidden-lg td-mobile\"><\/div>\n\n                        <\/td>\n                                                <td  class=\"__dt_col_1 __dt_col __dt_col_categories\" >\n                            <span class='__dt_categories '><a class='sbyc' href='https:\/\/www.feqsa.com.co\/site\/asamblea-general\/?tax%5Bwpdmcategory%5D=asamblea-general'>Asamblea general<\/a><\/span>\n\n                        <\/td>\n                                                <td  data-order=\"1770768000\"  class=\"__dt_col_2 __dt_col __dt_col_update_date\" >\n                            <span class='__dt_update_date '>febrero 11, 2026<\/span>\n\n                        <\/td>\n                                                <td  class=\"__dt_col_3 __dt_col __dt_col_download_link\" >\n                            <a class='wpdm-download-link download-on-click btn btn-primary ' rel='nofollow' href='#' data-downloadurl=\"https:\/\/www.feqsa.com.co\/site\/download\/convocatoria-asamblea-2026\/?wpdmdl=1433&refresh=69e013842d7111776292740\">Descargar<\/a>\n\n                        <\/td>\n                        \n                    <\/tr>\n                                        <\/tbody>\n        <\/table>\n\n        <div class='text-center'><ul class='pagination wpdm-pagination pagination-centered text-center'><\/ul><\/div>\n    <\/div>\n<\/div>\n\n","protected":false},"excerpt":{"rendered":"","protected":false},"author":1,"featured_media":0,"parent":0,"menu_order":0,"comment_status":"closed","ping_status":"closed","template":"","meta":{"footnotes":""},"class_list":["post-65","page","type-page","status-publish","hentry"],"yoast_head":"<!-- This site is optimized with the Yoast SEO plugin v26.7 - https:\/\/yoast.com\/wordpress\/plugins\/seo\/ -->\n<title>Asamblea General - Feqsa<\/title>\n<meta name=\"robots\" content=\"index, follow, max-snippet:-1, max-image-preview:large, max-video-preview:-1\" \/>\n<link rel=\"canonical\" href=\"https:\/\/www.feqsa.com.co\/site\/asamblea-general\/\" \/>\n<meta property=\"og:locale\" content=\"es_ES\" \/>\n<meta property=\"og:type\" content=\"article\" \/>\n<meta property=\"og:title\" content=\"Asamblea General - Feqsa\" \/>\n<meta property=\"og:url\" content=\"https:\/\/www.feqsa.com.co\/site\/asamblea-general\/\" \/>\n<meta property=\"og:site_name\" content=\"Feqsa\" \/>\n<meta property=\"article:modified_time\" content=\"2026-03-04T20:48:01+00:00\" \/>\n<meta name=\"twitter:card\" content=\"summary_large_image\" \/>\n<meta name=\"twitter:label1\" content=\"Tiempo de lectura\" \/>\n\t<meta name=\"twitter:data1\" content=\"1 minuto\" \/>\n<script type=\"application\/ld+json\" class=\"yoast-schema-graph\">{\"@context\":\"https:\/\/schema.org\",\"@graph\":[{\"@type\":\"WebPage\",\"@id\":\"https:\/\/www.feqsa.com.co\/site\/asamblea-general\/\",\"url\":\"https:\/\/www.feqsa.com.co\/site\/asamblea-general\/\",\"name\":\"Asamblea General - Feqsa\",\"isPartOf\":{\"@id\":\"https:\/\/www.feqsa.com.co\/site\/#website\"},\"datePublished\":\"2019-11-01T16:18:56+00:00\",\"dateModified\":\"2026-03-04T20:48:01+00:00\",\"breadcrumb\":{\"@id\":\"https:\/\/www.feqsa.com.co\/site\/asamblea-general\/#breadcrumb\"},\"inLanguage\":\"es\",\"potentialAction\":[{\"@type\":\"ReadAction\",\"target\":[\"https:\/\/www.feqsa.com.co\/site\/asamblea-general\/\"]}]},{\"@type\":\"BreadcrumbList\",\"@id\":\"https:\/\/www.feqsa.com.co\/site\/asamblea-general\/#breadcrumb\",\"itemListElement\":[{\"@type\":\"ListItem\",\"position\":1,\"name\":\"Portada\",\"item\":\"https:\/\/www.feqsa.com.co\/site\/\"},{\"@type\":\"ListItem\",\"position\":2,\"name\":\"Asamblea General\"}]},{\"@type\":\"WebSite\",\"@id\":\"https:\/\/www.feqsa.com.co\/site\/#website\",\"url\":\"https:\/\/www.feqsa.com.co\/site\/\",\"name\":\"Feqsa\",\"description\":\"Fondo de Empleados Quala\",\"publisher\":{\"@id\":\"https:\/\/www.feqsa.com.co\/site\/#organization\"},\"potentialAction\":[{\"@type\":\"SearchAction\",\"target\":{\"@type\":\"EntryPoint\",\"urlTemplate\":\"https:\/\/www.feqsa.com.co\/site\/?s={search_term_string}\"},\"query-input\":{\"@type\":\"PropertyValueSpecification\",\"valueRequired\":true,\"valueName\":\"search_term_string\"}}],\"inLanguage\":\"es\"},{\"@type\":\"Organization\",\"@id\":\"https:\/\/www.feqsa.com.co\/site\/#organization\",\"name\":\"FEQSA - Fondo de Empleados de Quala\",\"url\":\"https:\/\/www.feqsa.com.co\/site\/\",\"logo\":{\"@type\":\"ImageObject\",\"inLanguage\":\"es\",\"@id\":\"https:\/\/www.feqsa.com.co\/site\/#\/schema\/logo\/image\/\",\"url\":\"https:\/\/www.feqsa.com.co\/site\/wp-content\/uploads\/2022\/07\/FEQSA.png\",\"contentUrl\":\"https:\/\/www.feqsa.com.co\/site\/wp-content\/uploads\/2022\/07\/FEQSA.png\",\"width\":436,\"height\":150,\"caption\":\"FEQSA - Fondo de Empleados de Quala\"},\"image\":{\"@id\":\"https:\/\/www.feqsa.com.co\/site\/#\/schema\/logo\/image\/\"}}]}<\/script>\n<!-- \/ Yoast SEO plugin. -->","yoast_head_json":{"title":"Asamblea General - Feqsa","robots":{"index":"index","follow":"follow","max-snippet":"max-snippet:-1","max-image-preview":"max-image-preview:large","max-video-preview":"max-video-preview:-1"},"canonical":"https:\/\/www.feqsa.com.co\/site\/asamblea-general\/","og_locale":"es_ES","og_type":"article","og_title":"Asamblea General - Feqsa","og_url":"https:\/\/www.feqsa.com.co\/site\/asamblea-general\/","og_site_name":"Feqsa","article_modified_time":"2026-03-04T20:48:01+00:00","twitter_card":"summary_large_image","twitter_misc":{"Tiempo de lectura":"1 minuto"},"schema":{"@context":"https:\/\/schema.org","@graph":[{"@type":"WebPage","@id":"https:\/\/www.feqsa.com.co\/site\/asamblea-general\/","url":"https:\/\/www.feqsa.com.co\/site\/asamblea-general\/","name":"Asamblea General - Feqsa","isPartOf":{"@id":"https:\/\/www.feqsa.com.co\/site\/#website"},"datePublished":"2019-11-01T16:18:56+00:00","dateModified":"2026-03-04T20:48:01+00:00","breadcrumb":{"@id":"https:\/\/www.feqsa.com.co\/site\/asamblea-general\/#breadcrumb"},"inLanguage":"es","potentialAction":[{"@type":"ReadAction","target":["https:\/\/www.feqsa.com.co\/site\/asamblea-general\/"]}]},{"@type":"BreadcrumbList","@id":"https:\/\/www.feqsa.com.co\/site\/asamblea-general\/#breadcrumb","itemListElement":[{"@type":"ListItem","position":1,"name":"Portada","item":"https:\/\/www.feqsa.com.co\/site\/"},{"@type":"ListItem","position":2,"name":"Asamblea General"}]},{"@type":"WebSite","@id":"https:\/\/www.feqsa.com.co\/site\/#website","url":"https:\/\/www.feqsa.com.co\/site\/","name":"Feqsa","description":"Fondo de Empleados Quala","publisher":{"@id":"https:\/\/www.feqsa.com.co\/site\/#organization"},"potentialAction":[{"@type":"SearchAction","target":{"@type":"EntryPoint","urlTemplate":"https:\/\/www.feqsa.com.co\/site\/?s={search_term_string}"},"query-input":{"@type":"PropertyValueSpecification","valueRequired":true,"valueName":"search_term_string"}}],"inLanguage":"es"},{"@type":"Organization","@id":"https:\/\/www.feqsa.com.co\/site\/#organization","name":"FEQSA - Fondo de Empleados de Quala","url":"https:\/\/www.feqsa.com.co\/site\/","logo":{"@type":"ImageObject","inLanguage":"es","@id":"https:\/\/www.feqsa.com.co\/site\/#\/schema\/logo\/image\/","url":"https:\/\/www.feqsa.com.co\/site\/wp-content\/uploads\/2022\/07\/FEQSA.png","contentUrl":"https:\/\/www.feqsa.com.co\/site\/wp-content\/uploads\/2022\/07\/FEQSA.png","width":436,"height":150,"caption":"FEQSA - Fondo de Empleados de Quala"},"image":{"@id":"https:\/\/www.feqsa.com.co\/site\/#\/schema\/logo\/image\/"}}]}},"jetpack_sharing_enabled":true,"_links":{"self":[{"href":"https:\/\/www.feqsa.com.co\/site\/wp-json\/wp\/v2\/pages\/65","targetHints":{"allow":["GET"]}}],"collection":[{"href":"https:\/\/www.feqsa.com.co\/site\/wp-json\/wp\/v2\/pages"}],"about":[{"href":"https:\/\/www.feqsa.com.co\/site\/wp-json\/wp\/v2\/types\/page"}],"author":[{"embeddable":true,"href":"https:\/\/www.feqsa.com.co\/site\/wp-json\/wp\/v2\/users\/1"}],"replies":[{"embeddable":true,"href":"https:\/\/www.feqsa.com.co\/site\/wp-json\/wp\/v2\/comments?post=65"}],"version-history":[{"count":11,"href":"https:\/\/www.feqsa.com.co\/site\/wp-json\/wp\/v2\/pages\/65\/revisions"}],"predecessor-version":[{"id":310,"href":"https:\/\/www.feqsa.com.co\/site\/wp-json\/wp\/v2\/pages\/65\/revisions\/310"}],"wp:attachment":[{"href":"https:\/\/www.feqsa.com.co\/site\/wp-json\/wp\/v2\/media?parent=65"}],"curies":[{"name":"wp","href":"https:\/\/api.w.org\/{rel}","templated":true}]}}